{"id":650140,"date":"2024-11-27T17:49:26","date_gmt":"2024-11-27T16:49:26","guid":{"rendered":"https:\/\/bicepsshop.nl\/blog\/"},"modified":"2024-11-27T17:53:59","modified_gmt":"2024-11-27T16:53:59","slug":"blog","status":"publish","type":"page","link":"https:\/\/bicepsshop.nl\/en\/blog\/","title":{"rendered":"Blog"},"content":{"rendered":"\t\t<div data-elementor-type=\"wp-page\" data-elementor-id=\"650140\" class=\"elementor elementor-650140 elementor-650134\" data-elementor-post-type=\"page\">\n\t\t\t\t<div class=\"elementor-element elementor-element-ef82163 e-flex e-con-boxed e-con e-parent\" data-id=\"ef82163\" data-element_type=\"container\">\n\t\t\t\t\t<div class=\"e-con-inner\">\n\t\t\t\t<div class=\"elementor-element elementor-element-8388939 elementor-widget elementor-widget-ts-blogs\" data-id=\"8388939\" data-element_type=\"widget\" data-widget_type=\"ts-blogs.default\">\n\t\t\t\t<div class=\"elementor-widget-container\">\n\t\t\t\t\t\t<div class=\"ts-blogs-wrapper ts-shortcode ts-blogs title-center\" data-atts=\"{&quot;layout&quot;:&quot;grid&quot;,&quot;columns&quot;:3,&quot;categories&quot;:&quot;&quot;,&quot;limit&quot;:5,&quot;orderby&quot;:&quot;none&quot;,&quot;order&quot;:&quot;DESC&quot;,&quot;show_title&quot;:&quot;1&quot;,&quot;show_thumbnail&quot;:&quot;1&quot;,&quot;show_author&quot;:&quot;0&quot;,&quot;show_categories&quot;:&quot;0&quot;,&quot;show_date&quot;:&quot;1&quot;,&quot;show_comment&quot;:&quot;0&quot;,&quot;show_excerpt&quot;:&quot;1&quot;,&quot;show_readmore&quot;:&quot;0&quot;,&quot;excerpt_words&quot;:13,&quot;is_slider&quot;:0,&quot;show_nav&quot;:null,&quot;auto_play&quot;:null,&quot;is_masonry&quot;:0,&quot;show_load_more&quot;:&quot;0&quot;}\" >\n\t\t\t\n\t\t\t\t\t\t\t\t\n\t\t\t\t<div class=\"content-wrapper\">\n\t\t\t\t\t<div class=\"blogs items\">\n\t\t\t\t\t\t\t\t\t\t<article class=\"item   ts-col-8\">\n\t\t\t\t\t<div class=\"article-content\">\n\t\t\t\t\t\t\t\t\t\t\t<div class=\"thumbnail-content\">\n\t\t\t\t\t\t\t\t\t\t\t\t\t\t\t<a class=\"thumbnail  \" href=\"https:\/\/bicepsshop.nl\/en\/hiit-training-what-is-it-and-who-can-benefit-hiit-is-not-just-for-weight-loss\/\">\n\t\t\t\t\t\t\t\t\t<figure>\n\t\t\t\t\t\t\t\t\t<img fetchpriority=\"high\" decoding=\"async\" width=\"1300\" height=\"731\" src=\"https:\/\/bicepsshop.nl\/wp-content\/uploads\/2025\/02\/Trening-HIIT-na-czym-polega-i-u-kogo-sie-sprawdzi-HIIT-nie-tylko-na-odchudzanie-1300x731.jpg\" class=\"attachment-mydecor_blog_thumb size-mydecor_blog_thumb wp-post-image\" alt=\"Trening HIIT - na czym polega i u kogo si\u0119 sprawdzi? HIIT nie tylko na odchudzanie!\" srcset=\"https:\/\/bicepsshop.nl\/wp-content\/uploads\/2025\/02\/Trening-HIIT-na-czym-polega-i-u-kogo-sie-sprawdzi-HIIT-nie-tylko-na-odchudzanie-1300x731.jpg 1300w, https:\/\/bicepsshop.nl\/wp-content\/uploads\/2025\/02\/Trening-HIIT-na-czym-polega-i-u-kogo-sie-sprawdzi-HIIT-nie-tylko-na-odchudzanie-300x169.jpg 300w, https:\/\/bicepsshop.nl\/wp-content\/uploads\/2025\/02\/Trening-HIIT-na-czym-polega-i-u-kogo-sie-sprawdzi-HIIT-nie-tylko-na-odchudzanie-1024x576.jpg 1024w, https:\/\/bicepsshop.nl\/wp-content\/uploads\/2025\/02\/Trening-HIIT-na-czym-polega-i-u-kogo-sie-sprawdzi-HIIT-nie-tylko-na-odchudzanie-768x432.jpg 768w, https:\/\/bicepsshop.nl\/wp-content\/uploads\/2025\/02\/Trening-HIIT-na-czym-polega-i-u-kogo-sie-sprawdzi-HIIT-nie-tylko-na-odchudzanie-600x338.jpg 600w, https:\/\/bicepsshop.nl\/wp-content\/uploads\/2025\/02\/Trening-HIIT-na-czym-polega-i-u-kogo-sie-sprawdzi-HIIT-nie-tylko-na-odchudzanie-1536x864.jpg 1536w, https:\/\/bicepsshop.nl\/wp-content\/uploads\/2025\/02\/Trening-HIIT-na-czym-polega-i-u-kogo-sie-sprawdzi-HIIT-nie-tylko-na-odchudzanie-64x36.jpg 64w, https:\/\/bicepsshop.nl\/wp-content\/uploads\/2025\/02\/Trening-HIIT-na-czym-polega-i-u-kogo-sie-sprawdzi-HIIT-nie-tylko-na-odchudzanie.jpg 1600w\" sizes=\"(max-width: 1300px) 100vw, 1300px\" \/>\t\t\t\t\t\t\t\t\t<\/figure>\n\t\t\t\t\t\t\t\t\t<div class=\"effect-thumbnail\"><\/div>\n\t\t\t\t\t\t\t\t<\/a>\n\t\t\t\t\t\t\t\t\n\t\t\t\t\t\t\t\t\n\t\t\t\t\t\t\t\t\t\t\t\t\t\n\t\t\t\t\t\t<\/div>\n\t\t\t\t\t\t\t\t\t\t\n\t\t\t\t\t\t\t\t\t\t\t\n\t\t\t\t\t\t<div class=\"entry-content\">\n\t\t\t\t\t\t\t<header>\n\t\t\t\t\t\t\t\n\t\t\t\t\t\t\t\t<!-- Blog Categories -->\n\t\t\t\t\t\t\t\t\t\t\t\t\t\t\t\n\t\t\t\t\t\t\t\t\t\t\t\t\t\t\t\t<h4 class=\"heading-title entry-title\">\n\t\t\t\t\t\t\t\t\t<a class=\"post-title\" href=\"https:\/\/bicepsshop.nl\/en\/hiit-training-what-is-it-and-who-can-benefit-hiit-is-not-just-for-weight-loss\/\">HIIT training \u2013 what is it and who can benefit? HIIT is not just for weight loss!<\/a>\n\t\t\t\t\t\t\t\t<\/h4>\n\t\t\t\t\t\t\t\t\t\t\t\t\t\t\t\t\n\t\t\t\t\t\t\t<\/header>\n\t\t\t\t\t\t\t\n\t\t\t\t\t\t\t\t\t\t\t\t\t\t<div class=\"excerpt\">In recent years, HIIT (High-Intensity Interval Training) has gained huge popularity in the<\/div>\n\t\t\t\t\t\t\t\t\t\t\t\t\t\t\n\t\t\t\t\t\t\t\t\t\t\t\t\t\t<div class=\"entry-meta-top\">\n\t\t\t\t\t\t\n\t\t\t\t\t\t\t\t<!-- Blog Author -->\n\t\t\t\t\t\t\t\t\t\t\t\t\t\t\t\t\n\t\t\t\t\t\t\t\t<!-- Blog Date Time -->\n\t\t\t\t\t\t\t\t\t\t\t\t\t\t\t\t<span class=\"date-time\">\n\t\t\t\t\t\t\t\t\t2025-02-02\t\t\t\t\t\t\t\t<\/span>\n\t\t\t\t\t\t\t\t\t\t\t\t\t\t\t\t\n\t\t\t\t\t\t\t\t<!-- Blog Comment -->\n\t\t\t\t\t\t\t\t\t\t\t\t\t\t\t\n\t\t\t\t\t\t\t<\/div>\n\t\t\t\t\t\t\t\t\t\t\t\t\t\t\n\t\t\t\t\t\t\t\t\t\t\t\t\t<\/div>\n\t\t\t\t\t\t\t\n\t\t\t\t\t\t\t\t\t\t\t<\/div>\n\t\t\t\t<\/article>\n\t\t\t\t\t\t\t<article class=\"item   ts-col-8\">\n\t\t\t\t\t<div class=\"article-content\">\n\t\t\t\t\t\t\t\t\t\t\t<div class=\"thumbnail-content\">\n\t\t\t\t\t\t\t\t\t\t\t\t\t\t\t<a class=\"thumbnail  \" href=\"https:\/\/bicepsshop.nl\/en\/post-workout-recovery-how-to-speed-it-up\/\">\n\t\t\t\t\t\t\t\t\t<figure>\n\t\t\t\t\t\t\t\t\t<img decoding=\"async\" width=\"1300\" height=\"731\" src=\"https:\/\/bicepsshop.nl\/wp-content\/uploads\/2025\/02\/Regeneracja-po-treningu.-Jak-ja-przyspieszyc-1300x731.jpg\" class=\"attachment-mydecor_blog_thumb size-mydecor_blog_thumb wp-post-image\" alt=\"Regeneracja po treningu. Jak j\u0105 przyspieszy\u0107?\" srcset=\"https:\/\/bicepsshop.nl\/wp-content\/uploads\/2025\/02\/Regeneracja-po-treningu.-Jak-ja-przyspieszyc-1300x731.jpg 1300w, https:\/\/bicepsshop.nl\/wp-content\/uploads\/2025\/02\/Regeneracja-po-treningu.-Jak-ja-przyspieszyc-300x169.jpg 300w, https:\/\/bicepsshop.nl\/wp-content\/uploads\/2025\/02\/Regeneracja-po-treningu.-Jak-ja-przyspieszyc-1024x576.jpg 1024w, https:\/\/bicepsshop.nl\/wp-content\/uploads\/2025\/02\/Regeneracja-po-treningu.-Jak-ja-przyspieszyc-768x432.jpg 768w, https:\/\/bicepsshop.nl\/wp-content\/uploads\/2025\/02\/Regeneracja-po-treningu.-Jak-ja-przyspieszyc-600x338.jpg 600w, https:\/\/bicepsshop.nl\/wp-content\/uploads\/2025\/02\/Regeneracja-po-treningu.-Jak-ja-przyspieszyc-1536x864.jpg 1536w, https:\/\/bicepsshop.nl\/wp-content\/uploads\/2025\/02\/Regeneracja-po-treningu.-Jak-ja-przyspieszyc-64x36.jpg 64w, https:\/\/bicepsshop.nl\/wp-content\/uploads\/2025\/02\/Regeneracja-po-treningu.-Jak-ja-przyspieszyc.jpg 1600w\" sizes=\"(max-width: 1300px) 100vw, 1300px\" \/>\t\t\t\t\t\t\t\t\t<\/figure>\n\t\t\t\t\t\t\t\t\t<div class=\"effect-thumbnail\"><\/div>\n\t\t\t\t\t\t\t\t<\/a>\n\t\t\t\t\t\t\t\t\n\t\t\t\t\t\t\t\t\n\t\t\t\t\t\t\t\t\t\t\t\t\t\n\t\t\t\t\t\t<\/div>\n\t\t\t\t\t\t\t\t\t\t\n\t\t\t\t\t\t\t\t\t\t\t\n\t\t\t\t\t\t<div class=\"entry-content\">\n\t\t\t\t\t\t\t<header>\n\t\t\t\t\t\t\t\n\t\t\t\t\t\t\t\t<!-- Blog Categories -->\n\t\t\t\t\t\t\t\t\t\t\t\t\t\t\t\n\t\t\t\t\t\t\t\t\t\t\t\t\t\t\t\t<h4 class=\"heading-title entry-title\">\n\t\t\t\t\t\t\t\t\t<a class=\"post-title\" href=\"https:\/\/bicepsshop.nl\/en\/post-workout-recovery-how-to-speed-it-up\/\">Post-workout recovery. How to speed it up?<\/a>\n\t\t\t\t\t\t\t\t<\/h4>\n\t\t\t\t\t\t\t\t\t\t\t\t\t\t\t\t\n\t\t\t\t\t\t\t<\/header>\n\t\t\t\t\t\t\t\n\t\t\t\t\t\t\t\t\t\t\t\t\t\t<div class=\"excerpt\">Recovery is a key element of every training plan, yet it is often<\/div>\n\t\t\t\t\t\t\t\t\t\t\t\t\t\t\n\t\t\t\t\t\t\t\t\t\t\t\t\t\t<div class=\"entry-meta-top\">\n\t\t\t\t\t\t\n\t\t\t\t\t\t\t\t<!-- Blog Author -->\n\t\t\t\t\t\t\t\t\t\t\t\t\t\t\t\t\n\t\t\t\t\t\t\t\t<!-- Blog Date Time -->\n\t\t\t\t\t\t\t\t\t\t\t\t\t\t\t\t<span class=\"date-time\">\n\t\t\t\t\t\t\t\t\t2025-02-02\t\t\t\t\t\t\t\t<\/span>\n\t\t\t\t\t\t\t\t\t\t\t\t\t\t\t\t\n\t\t\t\t\t\t\t\t<!-- Blog Comment -->\n\t\t\t\t\t\t\t\t\t\t\t\t\t\t\t\n\t\t\t\t\t\t\t<\/div>\n\t\t\t\t\t\t\t\t\t\t\t\t\t\t\n\t\t\t\t\t\t\t\t\t\t\t\t\t<\/div>\n\t\t\t\t\t\t\t\n\t\t\t\t\t\t\t\t\t\t\t<\/div>\n\t\t\t\t<\/article>\n\t\t\t\t\t\t\t<article class=\"item   ts-col-8\">\n\t\t\t\t\t<div class=\"article-content\">\n\t\t\t\t\t\t\t\t\t\t\t<div class=\"thumbnail-content\">\n\t\t\t\t\t\t\t\t\t\t\t\t\t\t\t<a class=\"thumbnail  \" href=\"https:\/\/bicepsshop.nl\/en\/bicep-exercises-6-best-moves-for-building-the-biceps-brachii\/\">\n\t\t\t\t\t\t\t\t\t<figure>\n\t\t\t\t\t\t\t\t\t<img decoding=\"async\" width=\"1300\" height=\"731\" src=\"https:\/\/bicepsshop.nl\/wp-content\/uploads\/2025\/02\/Cwiczenia-na-biceps-6-najlepszych-cwiczen-na-miesien-dwuglowy-ramienia-1300x731.jpg\" class=\"attachment-mydecor_blog_thumb size-mydecor_blog_thumb wp-post-image\" alt=\"\" srcset=\"https:\/\/bicepsshop.nl\/wp-content\/uploads\/2025\/02\/Cwiczenia-na-biceps-6-najlepszych-cwiczen-na-miesien-dwuglowy-ramienia-1300x731.jpg 1300w, https:\/\/bicepsshop.nl\/wp-content\/uploads\/2025\/02\/Cwiczenia-na-biceps-6-najlepszych-cwiczen-na-miesien-dwuglowy-ramienia-300x169.jpg 300w, https:\/\/bicepsshop.nl\/wp-content\/uploads\/2025\/02\/Cwiczenia-na-biceps-6-najlepszych-cwiczen-na-miesien-dwuglowy-ramienia-1024x576.jpg 1024w, https:\/\/bicepsshop.nl\/wp-content\/uploads\/2025\/02\/Cwiczenia-na-biceps-6-najlepszych-cwiczen-na-miesien-dwuglowy-ramienia-768x432.jpg 768w, https:\/\/bicepsshop.nl\/wp-content\/uploads\/2025\/02\/Cwiczenia-na-biceps-6-najlepszych-cwiczen-na-miesien-dwuglowy-ramienia-600x338.jpg 600w, https:\/\/bicepsshop.nl\/wp-content\/uploads\/2025\/02\/Cwiczenia-na-biceps-6-najlepszych-cwiczen-na-miesien-dwuglowy-ramienia-1536x864.jpg 1536w, https:\/\/bicepsshop.nl\/wp-content\/uploads\/2025\/02\/Cwiczenia-na-biceps-6-najlepszych-cwiczen-na-miesien-dwuglowy-ramienia-64x36.jpg 64w, https:\/\/bicepsshop.nl\/wp-content\/uploads\/2025\/02\/Cwiczenia-na-biceps-6-najlepszych-cwiczen-na-miesien-dwuglowy-ramienia.jpg 1600w\" sizes=\"(max-width: 1300px) 100vw, 1300px\" \/>\t\t\t\t\t\t\t\t\t<\/figure>\n\t\t\t\t\t\t\t\t\t<div class=\"effect-thumbnail\"><\/div>\n\t\t\t\t\t\t\t\t<\/a>\n\t\t\t\t\t\t\t\t\n\t\t\t\t\t\t\t\t\n\t\t\t\t\t\t\t\t\t\t\t\t\t\n\t\t\t\t\t\t<\/div>\n\t\t\t\t\t\t\t\t\t\t\n\t\t\t\t\t\t\t\t\t\t\t\n\t\t\t\t\t\t<div class=\"entry-content\">\n\t\t\t\t\t\t\t<header>\n\t\t\t\t\t\t\t\n\t\t\t\t\t\t\t\t<!-- Blog Categories -->\n\t\t\t\t\t\t\t\t\t\t\t\t\t\t\t\n\t\t\t\t\t\t\t\t\t\t\t\t\t\t\t\t<h4 class=\"heading-title entry-title\">\n\t\t\t\t\t\t\t\t\t<a class=\"post-title\" href=\"https:\/\/bicepsshop.nl\/en\/bicep-exercises-6-best-moves-for-building-the-biceps-brachii\/\">Bicep exercises: 6 best moves for building the biceps brachii<\/a>\n\t\t\t\t\t\t\t\t<\/h4>\n\t\t\t\t\t\t\t\t\t\t\t\t\t\t\t\t\n\t\t\t\t\t\t\t<\/header>\n\t\t\t\t\t\t\t\n\t\t\t\t\t\t\t\t\t\t\t\t\t\t<div class=\"excerpt\">The biceps brachii is one of the most visible and popular muscles trained<\/div>\n\t\t\t\t\t\t\t\t\t\t\t\t\t\t\n\t\t\t\t\t\t\t\t\t\t\t\t\t\t<div class=\"entry-meta-top\">\n\t\t\t\t\t\t\n\t\t\t\t\t\t\t\t<!-- Blog Author -->\n\t\t\t\t\t\t\t\t\t\t\t\t\t\t\t\t\n\t\t\t\t\t\t\t\t<!-- Blog Date Time -->\n\t\t\t\t\t\t\t\t\t\t\t\t\t\t\t\t<span class=\"date-time\">\n\t\t\t\t\t\t\t\t\t2025-02-02\t\t\t\t\t\t\t\t<\/span>\n\t\t\t\t\t\t\t\t\t\t\t\t\t\t\t\t\n\t\t\t\t\t\t\t\t<!-- Blog Comment -->\n\t\t\t\t\t\t\t\t\t\t\t\t\t\t\t\n\t\t\t\t\t\t\t<\/div>\n\t\t\t\t\t\t\t\t\t\t\t\t\t\t\n\t\t\t\t\t\t\t\t\t\t\t\t\t<\/div>\n\t\t\t\t\t\t\t\n\t\t\t\t\t\t\t\t\t\t\t<\/div>\n\t\t\t\t<\/article>\n\t\t\t\t\t\t\t<article class=\"item   ts-col-8\">\n\t\t\t\t\t<div class=\"article-content\">\n\t\t\t\t\t\t\t\t\t\t\t<div class=\"thumbnail-content\">\n\t\t\t\t\t\t\t\t\t\t\t\t\t\t\t<a class=\"thumbnail  \" href=\"https:\/\/bicepsshop.nl\/en\/protein-supplements-types-benefits-and-safety\/\">\n\t\t\t\t\t\t\t\t\t<figure>\n\t\t\t\t\t\t\t\t\t<img loading=\"lazy\" decoding=\"async\" width=\"1300\" height=\"731\" src=\"https:\/\/bicepsshop.nl\/wp-content\/uploads\/2024\/11\/Odzywki-bialkowe-1300x731.jpg\" class=\"attachment-mydecor_blog_thumb size-mydecor_blog_thumb wp-post-image\" alt=\"\" srcset=\"https:\/\/bicepsshop.nl\/wp-content\/uploads\/2024\/11\/Odzywki-bialkowe-1300x731.jpg 1300w, https:\/\/bicepsshop.nl\/wp-content\/uploads\/2024\/11\/Odzywki-bialkowe-300x169.jpg 300w, https:\/\/bicepsshop.nl\/wp-content\/uploads\/2024\/11\/Odzywki-bialkowe-1024x576.jpg 1024w, https:\/\/bicepsshop.nl\/wp-content\/uploads\/2024\/11\/Odzywki-bialkowe-768x432.jpg 768w, https:\/\/bicepsshop.nl\/wp-content\/uploads\/2024\/11\/Odzywki-bialkowe-600x338.jpg 600w, https:\/\/bicepsshop.nl\/wp-content\/uploads\/2024\/11\/Odzywki-bialkowe-1536x864.jpg 1536w, https:\/\/bicepsshop.nl\/wp-content\/uploads\/2024\/11\/Odzywki-bialkowe-64x36.jpg 64w, https:\/\/bicepsshop.nl\/wp-content\/uploads\/2024\/11\/Odzywki-bialkowe.jpg 1920w\" sizes=\"(max-width: 1300px) 100vw, 1300px\" \/>\t\t\t\t\t\t\t\t\t<\/figure>\n\t\t\t\t\t\t\t\t\t<div class=\"effect-thumbnail\"><\/div>\n\t\t\t\t\t\t\t\t<\/a>\n\t\t\t\t\t\t\t\t\n\t\t\t\t\t\t\t\t\n\t\t\t\t\t\t\t\t\t\t\t\t\t\n\t\t\t\t\t\t<\/div>\n\t\t\t\t\t\t\t\t\t\t\n\t\t\t\t\t\t\t\t\t\t\t\n\t\t\t\t\t\t<div class=\"entry-content\">\n\t\t\t\t\t\t\t<header>\n\t\t\t\t\t\t\t\n\t\t\t\t\t\t\t\t<!-- Blog Categories -->\n\t\t\t\t\t\t\t\t\t\t\t\t\t\t\t\n\t\t\t\t\t\t\t\t\t\t\t\t\t\t\t\t<h4 class=\"heading-title entry-title\">\n\t\t\t\t\t\t\t\t\t<a class=\"post-title\" href=\"https:\/\/bicepsshop.nl\/en\/protein-supplements-types-benefits-and-safety\/\">Protein Supplements \u2013 Types, Benefits, and Safety<\/a>\n\t\t\t\t\t\t\t\t<\/h4>\n\t\t\t\t\t\t\t\t\t\t\t\t\t\t\t\t\n\t\t\t\t\t\t\t<\/header>\n\t\t\t\t\t\t\t\n\t\t\t\t\t\t\t\t\t\t\t\t\t\t<div class=\"excerpt\">Protein supplements are one of the most popular dietary aids used by active<\/div>\n\t\t\t\t\t\t\t\t\t\t\t\t\t\t\n\t\t\t\t\t\t\t\t\t\t\t\t\t\t<div class=\"entry-meta-top\">\n\t\t\t\t\t\t\n\t\t\t\t\t\t\t\t<!-- Blog Author -->\n\t\t\t\t\t\t\t\t\t\t\t\t\t\t\t\t\n\t\t\t\t\t\t\t\t<!-- Blog Date Time -->\n\t\t\t\t\t\t\t\t\t\t\t\t\t\t\t\t<span class=\"date-time\">\n\t\t\t\t\t\t\t\t\t2024-11-27\t\t\t\t\t\t\t\t<\/span>\n\t\t\t\t\t\t\t\t\t\t\t\t\t\t\t\t\n\t\t\t\t\t\t\t\t<!-- Blog Comment -->\n\t\t\t\t\t\t\t\t\t\t\t\t\t\t\t\n\t\t\t\t\t\t\t<\/div>\n\t\t\t\t\t\t\t\t\t\t\t\t\t\t\n\t\t\t\t\t\t\t\t\t\t\t\t\t<\/div>\n\t\t\t\t\t\t\t\n\t\t\t\t\t\t\t\t\t\t\t<\/div>\n\t\t\t\t<\/article>\n\t\t\t\t\t\t\t<article class=\"item   ts-col-8\">\n\t\t\t\t\t<div class=\"article-content\">\n\t\t\t\t\t\t\t\t\t\t\t<div class=\"thumbnail-content\">\n\t\t\t\t\t\t\t\t\t\t\t\t\t\t\t<a class=\"thumbnail  \" href=\"https:\/\/bicepsshop.nl\/en\/collagen-for-nails-which-one-is-the-best\/\">\n\t\t\t\t\t\t\t\t\t<figure>\n\t\t\t\t\t\t\t\t\t<img loading=\"lazy\" decoding=\"async\" width=\"1300\" height=\"731\" src=\"https:\/\/bicepsshop.nl\/wp-content\/uploads\/2024\/11\/Kolagen-na-paznokcie-\u2013-jaki-jest-najlepszy-1300x731.jpg\" class=\"attachment-mydecor_blog_thumb size-mydecor_blog_thumb wp-post-image\" alt=\"\" srcset=\"https:\/\/bicepsshop.nl\/wp-content\/uploads\/2024\/11\/Kolagen-na-paznokcie-\u2013-jaki-jest-najlepszy-1300x731.jpg 1300w, https:\/\/bicepsshop.nl\/wp-content\/uploads\/2024\/11\/Kolagen-na-paznokcie-\u2013-jaki-jest-najlepszy-300x169.jpg 300w, https:\/\/bicepsshop.nl\/wp-content\/uploads\/2024\/11\/Kolagen-na-paznokcie-\u2013-jaki-jest-najlepszy-1024x576.jpg 1024w, https:\/\/bicepsshop.nl\/wp-content\/uploads\/2024\/11\/Kolagen-na-paznokcie-\u2013-jaki-jest-najlepszy-768x432.jpg 768w, https:\/\/bicepsshop.nl\/wp-content\/uploads\/2024\/11\/Kolagen-na-paznokcie-\u2013-jaki-jest-najlepszy-600x338.jpg 600w, https:\/\/bicepsshop.nl\/wp-content\/uploads\/2024\/11\/Kolagen-na-paznokcie-\u2013-jaki-jest-najlepszy-1536x864.jpg 1536w, https:\/\/bicepsshop.nl\/wp-content\/uploads\/2024\/11\/Kolagen-na-paznokcie-\u2013-jaki-jest-najlepszy-64x36.jpg 64w, https:\/\/bicepsshop.nl\/wp-content\/uploads\/2024\/11\/Kolagen-na-paznokcie-\u2013-jaki-jest-najlepszy.jpg 1920w\" sizes=\"(max-width: 1300px) 100vw, 1300px\" \/>\t\t\t\t\t\t\t\t\t<\/figure>\n\t\t\t\t\t\t\t\t\t<div class=\"effect-thumbnail\"><\/div>\n\t\t\t\t\t\t\t\t<\/a>\n\t\t\t\t\t\t\t\t\n\t\t\t\t\t\t\t\t\n\t\t\t\t\t\t\t\t\t\t\t\t\t\n\t\t\t\t\t\t<\/div>\n\t\t\t\t\t\t\t\t\t\t\n\t\t\t\t\t\t\t\t\t\t\t\n\t\t\t\t\t\t<div class=\"entry-content\">\n\t\t\t\t\t\t\t<header>\n\t\t\t\t\t\t\t\n\t\t\t\t\t\t\t\t<!-- Blog Categories -->\n\t\t\t\t\t\t\t\t\t\t\t\t\t\t\t\n\t\t\t\t\t\t\t\t\t\t\t\t\t\t\t\t<h4 class=\"heading-title entry-title\">\n\t\t\t\t\t\t\t\t\t<a class=\"post-title\" href=\"https:\/\/bicepsshop.nl\/en\/collagen-for-nails-which-one-is-the-best\/\">Collagen for Nails \u2013 Which One is the Best?<\/a>\n\t\t\t\t\t\t\t\t<\/h4>\n\t\t\t\t\t\t\t\t\t\t\t\t\t\t\t\t\n\t\t\t\t\t\t\t<\/header>\n\t\t\t\t\t\t\t\n\t\t\t\t\t\t\t\t\t\t\t\t\t\t<div class=\"excerpt\">Today, many people are looking for effective solutions to improve the condition of<\/div>\n\t\t\t\t\t\t\t\t\t\t\t\t\t\t\n\t\t\t\t\t\t\t\t\t\t\t\t\t\t<div class=\"entry-meta-top\">\n\t\t\t\t\t\t\n\t\t\t\t\t\t\t\t<!-- Blog Author -->\n\t\t\t\t\t\t\t\t\t\t\t\t\t\t\t\t\n\t\t\t\t\t\t\t\t<!-- Blog Date Time -->\n\t\t\t\t\t\t\t\t\t\t\t\t\t\t\t\t<span class=\"date-time\">\n\t\t\t\t\t\t\t\t\t2024-11-27\t\t\t\t\t\t\t\t<\/span>\n\t\t\t\t\t\t\t\t\t\t\t\t\t\t\t\t\n\t\t\t\t\t\t\t\t<!-- Blog Comment -->\n\t\t\t\t\t\t\t\t\t\t\t\t\t\t\t\n\t\t\t\t\t\t\t<\/div>\n\t\t\t\t\t\t\t\t\t\t\t\t\t\t\n\t\t\t\t\t\t\t\t\t\t\t\t\t<\/div>\n\t\t\t\t\t\t\t\n\t\t\t\t\t\t\t\t\t\t\t<\/div>\n\t\t\t\t<\/article>\n\t\t\t\t\t\t\t\t<\/div>\n\t\t\t\t\t\t\t\t\t<\/div>\n\t\t\t\t\n\t\t\t\t\t\t\t\t\n\t\t\t<\/div>\n\t\t\t\t<\/div>\n\t\t\t\t<\/div>\n\t\t\t\t\t<\/div>\n\t\t\t\t<\/div>\n\t\t\t\t<\/div>\n\t\t","protected":false},"excerpt":{"rendered":"<p>Od\u017cywki bia\u0142kowe \u2013 rodzaje, dzia\u0142anie, czy s\u0105 bezpieczne? Od\u017cywki bia\u0142kowe s\u0105 jednym z najpopularniejszych suplement\u00f3w diety stosowanych przez osoby aktywne fizycznie 2024-11-27 Kolagen na paznokcie \u2013 jaki jest najlepszy? W dzisiejszych czasach wiele os\u00f3b poszukuje skutecznych rozwi\u0105za\u0144 na popraw\u0119 stanu paznokci, kt\u00f3re 2024-11-27 Gainer czy bia\u0142ko \u2013 co lepsze na przyrost masy mi\u0119\u015bniowej? Budowa masy [&hellip;]<\/p>\n","protected":false},"author":4242,"featured_media":0,"parent":0,"menu_order":0,"comment_status":"closed","ping_status":"closed","template":"","meta":{"_acf_changed":false,"footnotes":""},"class_list":["post-650140","page","type-page","status-publish","hentry"],"acf":[],"_links":{"self":[{"href":"https:\/\/bicepsshop.nl\/en\/wp-json\/wp\/v2\/pages\/650140","targetHints":{"allow":["GET"]}}],"collection":[{"href":"https:\/\/bicepsshop.nl\/en\/wp-json\/wp\/v2\/pages"}],"about":[{"href":"https:\/\/bicepsshop.nl\/en\/wp-json\/wp\/v2\/types\/page"}],"author":[{"embeddable":true,"href":"https:\/\/bicepsshop.nl\/en\/wp-json\/wp\/v2\/users\/4242"}],"replies":[{"embeddable":true,"href":"https:\/\/bicepsshop.nl\/en\/wp-json\/wp\/v2\/comments?post=650140"}],"version-history":[{"count":0,"href":"https:\/\/bicepsshop.nl\/en\/wp-json\/wp\/v2\/pages\/650140\/revisions"}],"wp:attachment":[{"href":"https:\/\/bicepsshop.nl\/en\/wp-json\/wp\/v2\/media?parent=650140"}],"curies":[{"name":"wp","href":"https:\/\/api.w.org\/{rel}","templated":true}]}}