{"id":60859,"date":"2023-12-19T16:53:54","date_gmt":"2023-12-19T15:53:54","guid":{"rendered":"https:\/\/bicepsshop.nl\/produkt\/frulove-mus-owocowy-500-g-blueberry-banana\/"},"modified":"2024-06-10T21:48:06","modified_gmt":"2024-06-10T19:48:06","slug":"frulove-mus-owocowy-500-g-blueberry-banana","status":"publish","type":"product","link":"https:\/\/bicepsshop.nl\/en\/product\/frulove-mus-owocowy-500-g-blueberry-banana\/","title":{"rendered":"FRULOVE MUS OWOCOWY 500 g BLUEBERRY BANANA"},"content":{"rendered":"<p>FRULOVE FRUIT MUS is a delicious berry and banana mousse with an exquisitely smooth texture &#8211; it&#8217;s simply madness!<\/p>\n<p>Of course, we have NOT added an ounce of sugar to FRULOVE MUS! Our blueberry and banana mousse is sweetened with erythritol and made from the highest quality ingredients, so you can introduce it into your diet without any remorse!<\/p>\n<p>FRULOVE will be perfect as an addition to any cakes, baked goods, pancakes&#8230;etc. Also you can eat it with a spoon straight from the jar! Just be careful not to eat the whole jar at once &#8211; the taste is addictive!<\/p>\n","protected":false},"excerpt":{"rendered":"<p><strong>WSPANIA\u0141A I NIESPOTYKANA KONSYSTENCJA<\/strong><br \/>\n<strong>BEZ DODATKU CUKRU &#8211; S\u0141ODZONY ERYTRYTOLEM<\/strong><br \/>\n<strong>JAGODOWO &#8211; BANANOWE SZALE\u0143STWO!<\/strong><br \/>\n<strong>ZAWARTO\u015a\u0106 PRODUKTU TO A\u017b 80% OWOC\u00d3W!<\/strong><br \/>\n<strong>SZKLANE OPAKOWANIE EKO!<\/strong><br \/>\n<strong>IDEALNIE NADAJE SI\u0118 DO FIT WYPIEK\u00d3W!<\/strong><\/p>\n","protected":false},"featured_media":60856,"template":"","meta":{"_acf_changed":false},"product_cat":[10221,10353],"product_tag":[11439,11960],"class_list":{"0":"post-60859","1":"product","2":"type-product","3":"status-publish","4":"has-post-thumbnail","6":"product_cat-home","7":"product_cat-jams","8":"product_tag-allnutrition-nl","9":"product_tag-jelly","11":"first","12":"outofstock","13":"taxable","14":"shipping-taxable","15":"purchasable","16":"product-type-simple"},"acf":[],"tiered_pricing_type":"fixed","tiered_pricing_fixed_rules":[],"tiered_pricing_product_settings":{"layout":"default","base_unit_name":{"singular":null,"plural":null},"default_variation":null},"tiered_pricing_minimum_quantity":null,"tiered_pricing_roles_data":[],"tiered_pricing_percentage_rules":[],"_links":{"self":[{"href":"https:\/\/bicepsshop.nl\/en\/wp-json\/wp\/v2\/product\/60859","targetHints":{"allow":["GET"]}}],"collection":[{"href":"https:\/\/bicepsshop.nl\/en\/wp-json\/wp\/v2\/product"}],"about":[{"href":"https:\/\/bicepsshop.nl\/en\/wp-json\/wp\/v2\/types\/product"}],"wp:featuredmedia":[{"embeddable":true,"href":"https:\/\/bicepsshop.nl\/en\/wp-json\/wp\/v2\/media\/60856"}],"wp:attachment":[{"href":"https:\/\/bicepsshop.nl\/en\/wp-json\/wp\/v2\/media?parent=60859"}],"wp:term":[{"taxonomy":"product_cat","embeddable":true,"href":"https:\/\/bicepsshop.nl\/en\/wp-json\/wp\/v2\/product_cat?post=60859"},{"taxonomy":"product_tag","embeddable":true,"href":"https:\/\/bicepsshop.nl\/en\/wp-json\/wp\/v2\/product_tag?post=60859"}],"curies":[{"name":"wp","href":"https:\/\/api.w.org\/{rel}","templated":true}]}}