{"id":17,"date":"2023-12-01T13:12:58","date_gmt":"2023-12-01T12:12:58","guid":{"rendered":"https:\/\/bicepsshop.nl\/winkelkarretje\/"},"modified":"2024-06-21T16:37:29","modified_gmt":"2024-06-21T14:37:29","slug":"winkelkarretje","status":"publish","type":"page","link":"https:\/\/bicepsshop.nl\/nl\/winkelkarretje\/","title":{"rendered":"Mand"},"content":{"rendered":"\t\t<div data-elementor-type=\"wp-page\" data-elementor-id=\"17\" class=\"elementor elementor-17 elementor-11\" data-elementor-post-type=\"page\">\n\t\t\t\t<div class=\"elementor-element elementor-element-7d1edc94 e-flex e-con-boxed e-con e-parent\" data-id=\"7d1edc94\" data-element_type=\"container\">\n\t\t\t\t\t<div class=\"e-con-inner\">\n\t\t\t\t<div class=\"elementor-element elementor-element-9058731 elementor-widget elementor-widget-shortcode\" data-id=\"9058731\" data-element_type=\"widget\" data-widget_type=\"shortcode.default\">\n\t\t\t\t<div class=\"elementor-widget-container\">\n\t\t\t\t\t<div class=\"elementor-shortcode\"><\/div>\n\t\t\t\t<\/div>\n\t\t\t\t<\/div>\n\t\t\t\t\t<\/div>\n\t\t\t\t<\/div>\n\t\t<div class=\"elementor-element elementor-element-46e232d e-flex e-con-boxed e-con e-parent\" data-id=\"46e232d\" data-element_type=\"container\">\n\t\t\t\t\t<div class=\"e-con-inner\">\n\t\t\t\t<div class=\"elementor-element elementor-element-de1c6c2 elementor-widget elementor-widget-ts-products\" data-id=\"de1c6c2\" data-element_type=\"widget\" data-widget_type=\"ts-products.default\">\n\t\t\t\t<div class=\"elementor-widget-container\">\n\t\t\t\t\t<div class=\"ts-product-wrapper ts-shortcode ts-product woocommerce columns-3 recent title-default\" >\n\t\t\n\t\t\t\t\t\t<header class=\"shortcode-heading-wrapper\">\n\t\t\t\t<h2 class=\"shortcode-title\">\n\t\t\t\t\tDobierz do koszyka\t\t\t\t<\/h2>\n\t\t\t<\/header>\n\t\t\t\t\t\t\n\t\t\t<div class=\"content-wrapper \">\n\t\t\t\t<div class=\"products\"><section class=\"product type-product post-465893 status-publish first instock product_cat-accessoires-nl-accessoires-nl product_cat-accessoires-en-kleding product_cat-ander product_cat-home-nl product_tag-socks-nl product_tag-socks-bicepsshop-nl has-post-thumbnail taxable shipping-taxable purchasable product-type-variable\" data-product_id=\"465893\">\n\t<div class=\"product-wrapper\">\n\t\t\t\n\t\t<div class=\"thumbnail-wrapper\">\n\t\t\t<a href=\"https:\/\/bicepsshop.nl\/nl\/product\/socks-bicepsshop\/\">\n\n\t\t\t\t<figure class=\"no-back-image\"><img fetchpriority=\"high\" decoding=\"async\" src=\"https:\/\/bicepsshop.nl\/wp-content\/themes\/mydecor\/images\/prod_loading.gif\" data-src=\"https:\/\/bicepsshop.nl\/wp-content\/uploads\/2024\/06\/skarpety1-450x450.jpg\" class=\"attachment-shop_catalog wp-post-image ts-lazy-load\" alt=\"\" width=\"450\" height=\"450\" \/><\/figure>\n\t\t\t<\/a>\n\t\t\t\t\t<div class=\"product-label\">\n\t\t<\/div>\n\t<div class=\"product-group-button\"><\/div>\t\t\t\n\t\t<\/div>\n\t\t<div class=\"meta-wrapper\">\n\t\t\t<span class=\"gtm4wp_productdata\" style=\"display:none; visibility:hidden;\" data-gtm4wp_product_data=\"{&quot;internal_id&quot;:465893,&quot;item_id&quot;:465893,&quot;item_name&quot;:&quot;SOKKEN BICEPSSHOP&quot;,&quot;sku&quot;:465893,&quot;price&quot;:8.99,&quot;stocklevel&quot;:null,&quot;stockstatus&quot;:&quot;instock&quot;,&quot;google_business_vertical&quot;:&quot;retail&quot;,&quot;item_category&quot;:&quot;Accessories and Clothing&quot;,&quot;id&quot;:465893,&quot;productlink&quot;:&quot;https:\\\/\\\/bicepsshop.nl\\\/nl\\\/product\\\/socks-bicepsshop\\\/&quot;,&quot;item_list_name&quot;:&quot;Algemeen product lijst&quot;,&quot;index&quot;:1,&quot;item_brand&quot;:&quot;&quot;}\"><\/span><h3 class=\"heading-title product-name\"><a href=\"https:\/\/bicepsshop.nl\/nl\/product\/socks-bicepsshop\/\">SOKKEN BICEPSSHOP<\/a><\/h3>\n\t<span class=\"price\">\t\t<span class=\"tiered-pricing-dynamic-price-wrapper tiered-pricing-dynamic-price-wrapper--variable\"\n\t\t\t  data-display-context=\"shop-loop\"\n\t\t\t  data-price-type=\"dynamic\"\n\t\t\t  data-product-id=\"465893\"\n\t\t\t  data-parent-id=\"465893\">\n\t\t\t<span class=\"woocommerce-Price-amount amount\"><bdi>8,99&nbsp;<span class=\"woocommerce-Price-currencySymbol\">&euro;<\/span><\/bdi><\/span><\/span><\/span>\n<div class=\"product-group-button-meta\"><div class=\"loop-add-to-cart\"><a href=\"https:\/\/bicepsshop.nl\/nl\/product\/socks-bicepsshop\/\" data-quantity=\"1\" class=\"button product_type_variable add_to_cart_button\" data-product_id=\"465893\" data-product_sku=\"\" aria-label=\"Selecteer opties voor &ldquo;SOKKEN BICEPSSHOP&rdquo;\" rel=\"nofollow\"><span class=\"ts-tooltip button-tooltip\">Opties selecteren<\/span><\/a><\/div><\/div>\t\t<\/div>\n\t<\/div>\n<\/section><section class=\"product type-product post-465843 status-publish outofstock product_cat-andere-nl-2 product_cat-gels-nl product_cat-home-nl product_cat-isotone-dranken product_cat-schoten product_cat-tijdens-de-training product_tag-bolero-nl-3 product_tag-bolero-3g-nl product_tag-bolero-nl-nl has-post-thumbnail taxable shipping-taxable purchasable product-type-variable\" data-product_id=\"465843\">\n\t<div class=\"product-wrapper\">\n\t\t\t\n\t\t<div class=\"thumbnail-wrapper\">\n\t\t\t<a href=\"https:\/\/bicepsshop.nl\/nl\/product\/bolero-3g\/\">\n\n\t\t\t\t<figure class=\"no-back-image\"><img decoding=\"async\" src=\"https:\/\/bicepsshop.nl\/wp-content\/themes\/mydecor\/images\/prod_loading.gif\" data-src=\"https:\/\/bicepsshop.nl\/wp-content\/uploads\/2024\/06\/bolero-450x450.jpeg\" class=\"attachment-shop_catalog wp-post-image ts-lazy-load\" alt=\"\" width=\"450\" height=\"450\" \/><\/figure>\n\t\t\t<\/a>\n\t\t\t\t\t<div class=\"product-label\">\n\t<span class=\"out-of-stock\">Sold out<\/span>\t<\/div>\n\t<div class=\"product-group-button\"><\/div>\t\t\t\n\t\t<\/div>\n\t\t<div class=\"meta-wrapper\">\n\t\t\t<span class=\"gtm4wp_productdata\" style=\"display:none; visibility:hidden;\" data-gtm4wp_product_data=\"{&quot;internal_id&quot;:465843,&quot;item_id&quot;:465843,&quot;item_name&quot;:&quot;BOLERO - 3g&quot;,&quot;sku&quot;:465843,&quot;price&quot;:0.39,&quot;stocklevel&quot;:null,&quot;stockstatus&quot;:&quot;outofstock&quot;,&quot;google_business_vertical&quot;:&quot;retail&quot;,&quot;item_category&quot;:&quot;Other&quot;,&quot;id&quot;:465843,&quot;productlink&quot;:&quot;https:\\\/\\\/bicepsshop.nl\\\/nl\\\/product\\\/bolero-3g\\\/&quot;,&quot;item_list_name&quot;:&quot;Algemeen product lijst&quot;,&quot;index&quot;:2,&quot;item_brand&quot;:&quot;&quot;}\"><\/span><h3 class=\"heading-title product-name\"><a href=\"https:\/\/bicepsshop.nl\/nl\/product\/bolero-3g\/\">BOLERO - 3g<\/a><\/h3>\n\t<span class=\"price\">\t\t<span class=\"tiered-pricing-dynamic-price-wrapper tiered-pricing-dynamic-price-wrapper--variable\"\n\t\t\t  data-display-context=\"shop-loop\"\n\t\t\t  data-price-type=\"dynamic\"\n\t\t\t  data-product-id=\"465843\"\n\t\t\t  data-parent-id=\"465843\">\n\t\t\t<span class=\"woocommerce-Price-amount amount\"><bdi>0,39&nbsp;<span class=\"woocommerce-Price-currencySymbol\">&euro;<\/span><\/bdi><\/span><\/span><\/span>\n<div class=\"product-group-button-meta\"><div class=\"loop-add-to-cart\"><a href=\"https:\/\/bicepsshop.nl\/nl\/product\/bolero-3g\/\" data-quantity=\"1\" class=\"button product_type_variable\" data-product_id=\"465843\" data-product_sku=\"\" aria-label=\"Selecteer opties voor &ldquo;BOLERO - 3g&rdquo;\" rel=\"nofollow\"><span class=\"ts-tooltip button-tooltip\">Opties selecteren<\/span><\/a><\/div><\/div>\t\t<\/div>\n\t<\/div>\n<\/section><section class=\"product type-product post-47971 status-publish last outofstock product_cat-andere-nl-2 product_cat-gels-nl product_cat-home-nl product_cat-schoten product_cat-tijdens-de-training product_tag-bolero-nl-3 product_tag-bolero-9g-nl-2 product_tag-bolero-nl-nl has-post-thumbnail taxable shipping-taxable purchasable product-type-variable\" data-product_id=\"47971\">\n\t<div class=\"product-wrapper\">\n\t\t\t\n\t\t<div class=\"thumbnail-wrapper\">\n\t\t\t<a href=\"https:\/\/bicepsshop.nl\/nl\/product\/bolero-9g\/\">\n\n\t\t\t\t<figure class=\"no-back-image\"><img decoding=\"async\" src=\"https:\/\/bicepsshop.nl\/wp-content\/themes\/mydecor\/images\/prod_loading.gif\" data-src=\"https:\/\/bicepsshop.nl\/wp-content\/uploads\/2021\/04\/1135-BOLERO-9g-450x450.jpg\" class=\"attachment-shop_catalog wp-post-image ts-lazy-load\" alt=\"\" width=\"450\" height=\"450\" \/><\/figure>\n\t\t\t<\/a>\n\t\t\t\t\t<div class=\"product-label\">\n\t<span class=\"out-of-stock\">Sold out<\/span>\t<\/div>\n\t<div class=\"product-group-button\"><\/div>\t\t\t\n\t\t<\/div>\n\t\t<div class=\"meta-wrapper\">\n\t\t\t<span class=\"gtm4wp_productdata\" style=\"display:none; visibility:hidden;\" data-gtm4wp_product_data=\"{&quot;internal_id&quot;:47971,&quot;item_id&quot;:47971,&quot;item_name&quot;:&quot;BOLERO - 9g&quot;,&quot;sku&quot;:47971,&quot;price&quot;:0.69,&quot;stocklevel&quot;:null,&quot;stockstatus&quot;:&quot;outofstock&quot;,&quot;google_business_vertical&quot;:&quot;retail&quot;,&quot;item_category&quot;:&quot;Andere&quot;,&quot;id&quot;:47971,&quot;productlink&quot;:&quot;https:\\\/\\\/bicepsshop.nl\\\/nl\\\/product\\\/bolero-9g\\\/&quot;,&quot;item_list_name&quot;:&quot;Algemeen product lijst&quot;,&quot;index&quot;:3,&quot;item_brand&quot;:&quot;&quot;}\"><\/span><h3 class=\"heading-title product-name\"><a href=\"https:\/\/bicepsshop.nl\/nl\/product\/bolero-9g\/\">BOLERO - 9g<\/a><\/h3>\n\t<span class=\"price\">\t\t<span class=\"tiered-pricing-dynamic-price-wrapper tiered-pricing-dynamic-price-wrapper--variable\"\n\t\t\t  data-display-context=\"shop-loop\"\n\t\t\t  data-price-type=\"dynamic\"\n\t\t\t  data-product-id=\"47971\"\n\t\t\t  data-parent-id=\"47971\">\n\t\t\t<span class=\"woocommerce-Price-amount amount\"><bdi>0,69&nbsp;<span class=\"woocommerce-Price-currencySymbol\">&euro;<\/span><\/bdi><\/span><\/span><\/span>\n<div class=\"product-group-button-meta\"><div class=\"loop-add-to-cart\"><a href=\"https:\/\/bicepsshop.nl\/nl\/product\/bolero-9g\/\" data-quantity=\"1\" class=\"button product_type_variable\" data-product_id=\"47971\" data-product_sku=\"\" aria-label=\"Selecteer opties voor &ldquo;BOLERO - 9g&rdquo;\" rel=\"nofollow\"><span class=\"ts-tooltip button-tooltip\">Opties selecteren<\/span><\/a><\/div><\/div>\t\t<\/div>\n\t<\/div>\n<\/section><\/div>\t\t\t<\/div>\n\t\t\t\n\t\t\t\t\t\t\n\t\t<\/div>\n\t\t\t\t<\/div>\n\t\t\t\t<\/div>\n\t\t\t\t\t<\/div>\n\t\t\t\t<\/div>\n\t\t<div class=\"elementor-element elementor-element-94eb5bd e-flex e-con-boxed e-con e-parent\" data-id=\"94eb5bd\" data-element_type=\"container\">\n\t\t\t\t\t<div class=\"e-con-inner\">\n\t\t\t\t\t<\/div>\n\t\t\t\t<\/div>\n\t\t\t\t<\/div>\n\t\t","protected":false},"excerpt":{"rendered":"<p>Dobierz do koszyka Quick view SKARPETKI BICEPSSHOP 8,99&nbsp;&euro; Wybierz opcje Lista \u017cycze\u0144 Podgl\u0105d BOLERO &#8211; 3g 0,39&nbsp;&euro; Wybierz opcje Lista \u017cycze\u0144 Podgl\u0105d BOLERO &#8211; 9g 0,69&nbsp;&euro; Wybierz opcje Lista \u017cycze\u0144<\/p>\n","protected":false},"author":1,"featured_media":0,"parent":0,"menu_order":0,"comment_status":"closed","ping_status":"closed","template":"","meta":{"_acf_changed":false,"footnotes":""},"class_list":["post-17","page","type-page","status-publish","hentry"],"acf":[],"_links":{"self":[{"href":"https:\/\/bicepsshop.nl\/nl\/wp-json\/wp\/v2\/pages\/17","targetHints":{"allow":["GET"]}}],"collection":[{"href":"https:\/\/bicepsshop.nl\/nl\/wp-json\/wp\/v2\/pages"}],"about":[{"href":"https:\/\/bicepsshop.nl\/nl\/wp-json\/wp\/v2\/types\/page"}],"author":[{"embeddable":true,"href":"https:\/\/bicepsshop.nl\/nl\/wp-json\/wp\/v2\/users\/1"}],"replies":[{"embeddable":true,"href":"https:\/\/bicepsshop.nl\/nl\/wp-json\/wp\/v2\/comments?post=17"}],"version-history":[{"count":0,"href":"https:\/\/bicepsshop.nl\/nl\/wp-json\/wp\/v2\/pages\/17\/revisions"}],"wp:attachment":[{"href":"https:\/\/bicepsshop.nl\/nl\/wp-json\/wp\/v2\/media?parent=17"}],"curies":[{"name":"wp","href":"https:\/\/api.w.org\/{rel}","templated":true}]}}