{"id":44387,"date":"2018-03-21T16:53:36","date_gmt":"2018-03-21T15:53:36","guid":{"rendered":"https:\/\/bicepsshop.nl\/produkt\/gainer-magnum-8000-1000g\/"},"modified":"2025-08-18T04:39:55","modified_gmt":"2025-08-18T02:39:55","slug":"gainer-magnum-8000-1000g","status":"publish","type":"product","link":"https:\/\/bicepsshop.nl\/nl\/product\/gainer-magnum-8000-1000g\/","title":{"rendered":"Gainer MAGNUM 8000 &#8211; 1000g"},"content":{"rendered":"<p>Zonder een goede gainer is het bouwen van een extreme lichaamsmassa moeilijk voor te stellen. Iedere portie MAGNUM 8000 betreft een geconcentreerde maaltijdvervanger die dankzij de vloeibare vorm makkelijk is te gebruiken. Naast de perfecte premix van eiwitten en koolhydraten bevat het tevens een grote dosis van Creatine en MCT olie. Dit is een comfortabele wijze voor het aanvullen van de voeding met essenti\u00eble ingredi\u00ebnten voor de ontwikkeling van een krachtige spiermassa en voor het verhogen van de calorie\u00ebn in de voeding. Kies daarom, als je echt breed wilt worden, voor de beste gainer die te verkrijgen is op de markt. Voor mij is dat MAGNUM 8000.<\/p>\n","protected":false},"excerpt":{"rendered":"<p>Geavanceerde<strong> &#8220;Hard Gainer&#8221; met Creatine en MCT olie<\/strong><\/p>\n<ul>\n<li>EEN PRODUCT MET EEN HOGE ENERGIEWAARDE VOOR HARDGAINERS (13% EIWIT)<\/li>\n<li>DRAAGT BIJ AAN EEN TOENAME VAN DE SPIERMASSA<\/li>\n<li>5,8 g CREATINE EN 3 g MCT-OLIE IN EEN DAGELIJKSE PORTIE<\/li>\n<\/ul>\n","protected":false},"featured_media":61963,"template":"","meta":{"_acf_changed":false},"product_cat":[10313,10223,10298,7136],"product_tag":[],"class_list":{"0":"post-44387","1":"product","2":"type-product","3":"status-publish","4":"has-post-thumbnail","6":"product_cat-gainer-nl","7":"product_cat-home-nl","8":"product_cat-spiermassa-nl","9":"product_cat-tot-20-eiwit","10":"pa_flavour-banana-nl-2","11":"pa_flavour-caramel_vanilla-nl-2","12":"pa_flavour-chocolate-nl-2","13":"pa_flavour-strawberry-nl-2","14":"ts_product_brand-trec-nl","16":"first","17":"instock","18":"taxable","19":"shipping-taxable","20":"purchasable","21":"product-type-variable"},"acf":[],"tiered_pricing_type":"fixed","tiered_pricing_fixed_rules":[],"tiered_pricing_product_settings":{"layout":"default","base_unit_name":{"singular":null,"plural":null},"default_variation":null},"tiered_pricing_minimum_quantity":null,"tiered_pricing_roles_data":[],"tiered_pricing_percentage_rules":[],"_links":{"self":[{"href":"https:\/\/bicepsshop.nl\/nl\/wp-json\/wp\/v2\/product\/44387","targetHints":{"allow":["GET"]}}],"collection":[{"href":"https:\/\/bicepsshop.nl\/nl\/wp-json\/wp\/v2\/product"}],"about":[{"href":"https:\/\/bicepsshop.nl\/nl\/wp-json\/wp\/v2\/types\/product"}],"wp:featuredmedia":[{"embeddable":true,"href":"https:\/\/bicepsshop.nl\/nl\/wp-json\/wp\/v2\/media\/61963"}],"wp:attachment":[{"href":"https:\/\/bicepsshop.nl\/nl\/wp-json\/wp\/v2\/media?parent=44387"}],"wp:term":[{"taxonomy":"product_cat","embeddable":true,"href":"https:\/\/bicepsshop.nl\/nl\/wp-json\/wp\/v2\/product_cat?post=44387"},{"taxonomy":"product_tag","embeddable":true,"href":"https:\/\/bicepsshop.nl\/nl\/wp-json\/wp\/v2\/product_tag?post=44387"}],"curies":[{"name":"wp","href":"https:\/\/api.w.org\/{rel}","templated":true}]}}