{"id":44490,"date":"2018-03-22T13:09:52","date_gmt":"2018-03-22T12:09:52","guid":{"rendered":"https:\/\/bicepsshop.nl\/produkt\/gain-bolic-6000-3500g\/"},"modified":"2018-03-22T13:09:52","modified_gmt":"2018-03-22T12:09:52","slug":"gain-bolic-6000-3500g","status":"publish","type":"product","link":"https:\/\/bicepsshop.nl\/nl\/product\/gain-bolic-6000-3500g\/","title":{"rendered":"GAIN BOLIC 6000 &#8211; 3500g"},"content":{"rendered":"<p class=\"tw-data-text tw-ta tw-text-small\" id=\"tw-target-text\" dir=\"ltr\"><span xml:lang=\"nl\" lang=\"nl\">Een uitgebreid mengsel van correct samengestelde koolhydraten met verschillende glycemische indexen en een complex van eiwitten die de groei en het behoud van spiermassa bevorderen, verrijkt met zorgvuldig geselecteerde porties creatine monohydraat en taurine. Het verbruik van creatine draagt \u200b\u200bbij aan de toename van fysieke capaciteit tijdens korte, repetitieve hoge intensiteitsoefeningen (voor een dosering van 3 g per dag).<\/span><\/p>\n<p class=\"tw-data-text tw-ta tw-text-small\" dir=\"ltr\"><span xml:lang=\"nl\" lang=\"nl\"><span>OLIMP GAIN BOLIC 6000\u00ae bevat alleen de meest exclusieve ingredi\u00ebnten, d.w.z. micellaire case\u00efne, ultragefiltreerd wei en ei-eiwit. Correct gecompileerde porties creatine, dextrose en taurine versnellen en verbeteren de anabole eigenschappen van de gainer dramatisch. Een uitgebreid mengsel van goed samengestelde koolhydraten met verschillende glycemische indices, weiprote\u00efneconcentraat (WPC), micellaire case\u00efne en ultragefiltreerd eiprote\u00efne zijn verrijkt met zorgvuldig geselecteerde porties creatine-monohydraat en taurine die de anabole eigenschappen van het preparaat versterken.<\/span><\/span><\/p>\n<p class=\"tw-data-text tw-ta tw-text-small\" dir=\"ltr\">\n<p class=\"tw-data-text tw-ta tw-text-small\" dir=\"ltr\"><span xml:lang=\"nl\" lang=\"nl\">Gain\u00a0Bolic 6000\u00ae, verrijkt met vitamines en mineralen, dit vult alle voedingsstoffen aan die essentieel zijn voor het snel opbouwen van spiermassa en kracht. Bestemd voor personen met een verhoogde vraag naar energie en eiwit, het beoefenen van recreatieve sporten, evenals voor atleten die snel spiermassa en kracht willen opbouwen of algemene inspanningscapaciteit.<\/span><\/p>\n<p class=\"tw-data-text tw-ta tw-text-small\" dir=\"ltr\"><span xml:lang=\"nl\" lang=\"nl\">GAIN BOLIC 6000\u00ae bevat geen tarweprote\u00efnen en lactose (melksuiker die vaak wordt gebruikt in eiwitarme gainers van lage kwaliteit), die goedkoop en meestal nutteloos zijn in termen van sterktesport.<\/span><\/p>\n","protected":false},"excerpt":{"rendered":"<p><strong>GAIN BOLIC 6000\u00ae. Dieet voedsel. Poedervormig eiwit en koolhydraatconcentraat. Bevat suiker en zoetstoffen.<\/strong><\/p>\n","protected":false},"featured_media":44480,"template":"","meta":{"_acf_changed":false},"product_cat":[10313,10223,7138,10298,7136],"product_tag":[],"class_list":{"0":"post-44490","1":"product","2":"type-product","3":"status-publish","4":"has-post-thumbnail","6":"product_cat-gainer-nl","7":"product_cat-home-nl","8":"product_cat-meer-dan-20-eiwit","9":"product_cat-spiermassa-nl","10":"product_cat-tot-20-eiwit","11":"pa_flavour-chocolate-nl-2","12":"pa_flavour-strawberry-nl-2","13":"pa_flavour-vanilla-nl-2","14":"ts_product_brand-olimp-nl","16":"first","17":"instock","18":"taxable","19":"shipping-taxable","20":"purchasable","21":"product-type-variable"},"acf":[],"tiered_pricing_type":"fixed","tiered_pricing_fixed_rules":[],"tiered_pricing_product_settings":{"layout":"default","base_unit_name":{"singular":null,"plural":null},"default_variation":null},"tiered_pricing_minimum_quantity":null,"tiered_pricing_roles_data":[],"tiered_pricing_percentage_rules":[],"_links":{"self":[{"href":"https:\/\/bicepsshop.nl\/nl\/wp-json\/wp\/v2\/product\/44490","targetHints":{"allow":["GET"]}}],"collection":[{"href":"https:\/\/bicepsshop.nl\/nl\/wp-json\/wp\/v2\/product"}],"about":[{"href":"https:\/\/bicepsshop.nl\/nl\/wp-json\/wp\/v2\/types\/product"}],"wp:featuredmedia":[{"embeddable":true,"href":"https:\/\/bicepsshop.nl\/nl\/wp-json\/wp\/v2\/media\/44480"}],"wp:attachment":[{"href":"https:\/\/bicepsshop.nl\/nl\/wp-json\/wp\/v2\/media?parent=44490"}],"wp:term":[{"taxonomy":"product_cat","embeddable":true,"href":"https:\/\/bicepsshop.nl\/nl\/wp-json\/wp\/v2\/product_cat?post=44490"},{"taxonomy":"product_tag","embeddable":true,"href":"https:\/\/bicepsshop.nl\/nl\/wp-json\/wp\/v2\/product_tag?post=44490"}],"curies":[{"name":"wp","href":"https:\/\/api.w.org\/{rel}","templated":true}]}}