{"id":44802,"date":"2018-03-27T14:24:35","date_gmt":"2018-03-27T12:24:35","guid":{"rendered":"https:\/\/bicepsshop.nl\/produkt\/casein-100-600g\/"},"modified":"2018-03-27T14:24:35","modified_gmt":"2018-03-27T12:24:35","slug":"casein-100-600g","status":"publish","type":"product","link":"https:\/\/bicepsshop.nl\/nl\/product\/casein-100-600g\/","title":{"rendered":"CASEIN 100 &#8211; 600g"},"content":{"rendered":"<p>Een bodybuilder is als een soldaat. Telkens weer vecht hij tegen de spierafbraak van<br \/>zijn lichaam. Om dit gevecht te winnen vul ik mijn voeding aan met het trage eiwit case\u00efne, waarvan de belangrijkste micellaire case\u00efne is, het hoofdingredi\u00ebnt van CASEIN 100. Ik maak hier gebruik van tussen de maaltijden door en voordat ik ga slapen. Op die wijze worden mijn spieren zelfs tot 7 uur beschermd. De dikke en zware structuur is perfect voor gebruik tijdens het werk of tijdens reizen, wanneer ik geen tijd heb regelmatig te eten.<\/p>\n","protected":false},"excerpt":{"rendered":"<p><strong>100% micellaire caseine\u00a0<\/strong><\/p>\n<ul>\n<li>HET BESTE TRAAG OPNEEMBARE EIWIT TER WERELD<\/li>\n<li>RIJK AAN ANTI-KATABOLE AMINOZUREN<\/li>\n<li>GEZUIVERDE CASE\u00cfNE MICELLEN MET EEN INTACTE STRUCTUUR<\/li>\n<\/ul>\n","protected":false},"featured_media":61930,"template":"","meta":{"_acf_changed":false},"product_cat":[10445,14878,10292,10223,10322],"product_tag":[],"class_list":{"0":"post-44802","1":"product","2":"type-product","3":"status-publish","4":"has-post-thumbnail","6":"product_cat-caseines-nl","7":"product_cat-eiwitsupplementen","8":"product_cat-eiwitten-nl","9":"product_cat-home-nl","10":"product_cat-regeneratie-nl","11":"pa_flavour-chocolate-nl-2","12":"pa_flavour-creamyvanilla-nl-2","13":"pa_flavour-strawberry-nl-2","14":"ts_product_brand-trec-nl","16":"first","17":"instock","18":"taxable","19":"shipping-taxable","20":"purchasable","21":"product-type-variable"},"acf":[],"tiered_pricing_type":"fixed","tiered_pricing_fixed_rules":[],"tiered_pricing_product_settings":{"layout":"default","base_unit_name":{"singular":null,"plural":null},"default_variation":null},"tiered_pricing_minimum_quantity":null,"tiered_pricing_roles_data":[],"tiered_pricing_percentage_rules":[],"_links":{"self":[{"href":"https:\/\/bicepsshop.nl\/nl\/wp-json\/wp\/v2\/product\/44802","targetHints":{"allow":["GET"]}}],"collection":[{"href":"https:\/\/bicepsshop.nl\/nl\/wp-json\/wp\/v2\/product"}],"about":[{"href":"https:\/\/bicepsshop.nl\/nl\/wp-json\/wp\/v2\/types\/product"}],"wp:featuredmedia":[{"embeddable":true,"href":"https:\/\/bicepsshop.nl\/nl\/wp-json\/wp\/v2\/media\/61930"}],"wp:attachment":[{"href":"https:\/\/bicepsshop.nl\/nl\/wp-json\/wp\/v2\/media?parent=44802"}],"wp:term":[{"taxonomy":"product_cat","embeddable":true,"href":"https:\/\/bicepsshop.nl\/nl\/wp-json\/wp\/v2\/product_cat?post=44802"},{"taxonomy":"product_tag","embeddable":true,"href":"https:\/\/bicepsshop.nl\/nl\/wp-json\/wp\/v2\/product_tag?post=44802"}],"curies":[{"name":"wp","href":"https:\/\/api.w.org\/{rel}","templated":true}]}}