{"id":47937,"date":"2021-03-29T15:03:04","date_gmt":"2021-03-29T13:03:04","guid":{"rendered":"https:\/\/bicepsshop.nl\/produkt\/nac-90-cap\/"},"modified":"2025-05-27T18:55:29","modified_gmt":"2025-05-27T16:55:29","slug":"nac-90-cap","status":"publish","type":"product","link":"https:\/\/bicepsshop.nl\/nl\/product\/nac-90-cap\/","title":{"rendered":"NAC &#8211; 90 CAP."},"content":{"rendered":"<p>ALLNUTRITION NAC of N-acetyl L-cyste\u00efne is een gemodificeerde vorm van cyste\u00efne gehecht aan de acetylgroep. Cyste\u00efne &#8211; een van de endogene aminozuren (d.w.z. degene die het lichaam zelf kan aanmaken), dat zwavel bevat. Vanwege zijn specifieke structuur is het een zeer reactief aminozuur, bindt het veel giftige stoffen en is het dus nuttig bij ontgiftingsprocessen. L-cyste\u00efne (samen met glutamine en glycine) is ook essentieel bij de synthese van glutathion &#8211; een krachtige intracorporale antioxidant. Het neemt ook deel aan de synthese van eiwitten, enzymen en co-enzymen.<\/p>\n","protected":false},"excerpt":{"rendered":"<p><strong>HERSTELT HET JUISTE WERK VAN DE LEVER<\/strong><br \/><strong>VERHOOGT DE STERKTE EN EFFICI\u00cbNTIE VAN HET ORGANISME<\/strong><br \/><strong>VERMINDERT SPIERZUUR<\/strong><br \/><strong>90 DAGEN AANVULLING<\/strong><\/p>\n","protected":false},"featured_media":47930,"template":"","meta":{"_acf_changed":false},"product_cat":[10433,10223,10340],"product_tag":[],"class_list":{"0":"post-47937","1":"product","2":"type-product","3":"status-publish","4":"has-post-thumbnail","6":"product_cat-gezonde-lever-nl","7":"product_cat-home-nl","8":"product_cat-vitamines-nl","9":"ts_product_brand-allnutrition-nl","11":"first","12":"instock","13":"taxable","14":"shipping-taxable","15":"purchasable","16":"product-type-simple"},"acf":[],"tiered_pricing_type":"fixed","tiered_pricing_fixed_rules":[],"tiered_pricing_product_settings":{"layout":"default","base_unit_name":{"singular":null,"plural":null},"default_variation":null},"tiered_pricing_minimum_quantity":null,"tiered_pricing_roles_data":[],"tiered_pricing_percentage_rules":[],"_links":{"self":[{"href":"https:\/\/bicepsshop.nl\/nl\/wp-json\/wp\/v2\/product\/47937","targetHints":{"allow":["GET"]}}],"collection":[{"href":"https:\/\/bicepsshop.nl\/nl\/wp-json\/wp\/v2\/product"}],"about":[{"href":"https:\/\/bicepsshop.nl\/nl\/wp-json\/wp\/v2\/types\/product"}],"wp:featuredmedia":[{"embeddable":true,"href":"https:\/\/bicepsshop.nl\/nl\/wp-json\/wp\/v2\/media\/47930"}],"wp:attachment":[{"href":"https:\/\/bicepsshop.nl\/nl\/wp-json\/wp\/v2\/media?parent=47937"}],"wp:term":[{"taxonomy":"product_cat","embeddable":true,"href":"https:\/\/bicepsshop.nl\/nl\/wp-json\/wp\/v2\/product_cat?post=47937"},{"taxonomy":"product_tag","embeddable":true,"href":"https:\/\/bicepsshop.nl\/nl\/wp-json\/wp\/v2\/product_tag?post=47937"}],"curies":[{"name":"wp","href":"https:\/\/api.w.org\/{rel}","templated":true}]}}