{"id":550400,"date":"2021-11-09T14:35:54","date_gmt":"2021-11-09T13:35:54","guid":{"rendered":"https:\/\/bicepsshop.nl\/produkt\/fitking-energy-strong-coffee-130g\/"},"modified":"2024-10-30T21:27:14","modified_gmt":"2024-10-30T20:27:14","slug":"fitking-energy-strong-coffee-130g","status":"publish","type":"product","link":"https:\/\/bicepsshop.nl\/nl\/product\/fitking-energy-strong-coffee-130g\/","title":{"rendered":"FITKING ENERGY STRONG COFFEE &#8211; 130g"},"content":{"rendered":"<p>ALLNUTRITION FITKING ENERGY STRONG COFFEE is een heerlijke en aromatische koffie van ALLNUTRITION, die je de nodige energie zal geven &#8211; zelfs tijdens de moeilijkste ochtenden! Onze koffie bestaat in 6 fantastische smaken, zodat elke koffiegenieter de beste variant voor zichzelf vindt \ud83d\ude42<\/p>\n<p>Het uitzonderlijk hoge cafe\u00efnegehalte en het heerlijke aroma van onze oploskoffie passen perfect bij elkaar om een set te cre\u00ebren die je energie geeft voor een hele dag werken of waarmee je een zeer sterke training kunt uitvoeren!<\/p>\n<p>4X MEER CAFE\u00cfNE!<\/p>\n<p>De ALLNUTRITION FITKING ENERGY STRONG COFFEE instantkoffie bevat maar liefst 200 mg cafe\u00efne in een portie van het product (5 g) &#8211; dat is 4x meer cafe\u00efne dan gewone koffie die je elke dag drinkt! Daarom is ons nieuwste product niet alleen een perfecte en echt sterke start van de dag, maar ook een geweldig product om te consumeren v\u00f3\u00f3r een fysieke of mentale inspanning. Herlaad jezelf met positieve energie of span je concentratie aan &#8211; met ALLNUTRITION FITKING ENERGY STRONG COFFE koffie heb je geen kans om je te vervelen en onproductief te zijn!<\/p>\n<p>Belangrijk is dat onze oploskoffie meer dan 2x meer cafe\u00efne bevat dan standaard energiedrankjes, dus denk eraan de aanbevolen dagelijkse dosis niet te overschrijden! We willen niet dat je alle beschikbare gewichten in de sportschool laat vallen \ud83d\ude42<\/p>\n","protected":false},"excerpt":{"rendered":"<p><strong>Heerlijke, aromatische en zeer sterke oploskoffie<\/strong><br \/>\n<strong>\u00c9\u00c9N KOPJE KOFFIE BEVAT TOT 200MG CAFE\u00cfNE! DAT IS 4X MEER DAN GEWONE KOFFIE !!!<\/strong><br \/>\n<strong>JE KUNT HET WARM OF KOEL DRINKEN, PERFECT HET HELE JAAR DOOR<\/strong><br \/>\n<strong>EXTREEM AROMATISCH, GEBALANCEERD MET ACCENTEN VAN DE BESTE SMAKEN TER WERELD!<\/strong><\/p>\n","protected":false},"featured_media":57925,"template":"","meta":{"_acf_changed":false},"product_cat":[7126,7172,10244,10223],"product_tag":[15337,15729,15730,15731,15732,15733,15734,15735,15736],"class_list":{"0":"post-550400","1":"product","2":"type-product","3":"status-publish","4":"has-post-thumbnail","6":"product_cat-andere","7":"product_cat-andere-nl-2","8":"product_cat-dieet-voedsel-nl","9":"product_cat-home-nl","10":"product_tag-allnutrition-nl-nl","11":"product_tag-coffee-fitking-130g-nl","12":"product_tag-coffeee-nl","13":"product_tag-fitking-coffee-allnutrition-nl-nl","14":"product_tag-fitking-energy-strong-coffee-nl","15":"product_tag-fitking-energy-strong-coffee-130-nl","16":"product_tag-fitking-energy-strong-coffee-all-nl","17":"product_tag-kawa-nl","18":"product_tag-strong-coffee-nl","19":"pa_flavour-advocat-nl-2","20":"pa_flavour-caramel-nl-2","21":"pa_flavour-chocolate-nl-2","22":"pa_flavour-chocolate_cherry-nl-2","23":"pa_flavour-hazelnut-nl-2","24":"pa_flavour-natural-nl-2","25":"pa_flavour-peanutbutter-nl-2","26":"pa_flavour-vanilla-nl-2","27":"pa_flavour-whisky-nl-2","28":"ts_product_brand-allnutrition-nl","30":"first","31":"instock","32":"taxable","33":"shipping-taxable","34":"purchasable","35":"product-type-variable"},"acf":[],"tiered_pricing_type":"fixed","tiered_pricing_fixed_rules":[],"tiered_pricing_product_settings":{"layout":"default","base_unit_name":{"singular":null,"plural":null},"default_variation":null},"tiered_pricing_minimum_quantity":null,"tiered_pricing_roles_data":[],"tiered_pricing_percentage_rules":[],"_links":{"self":[{"href":"https:\/\/bicepsshop.nl\/nl\/wp-json\/wp\/v2\/product\/550400","targetHints":{"allow":["GET"]}}],"collection":[{"href":"https:\/\/bicepsshop.nl\/nl\/wp-json\/wp\/v2\/product"}],"about":[{"href":"https:\/\/bicepsshop.nl\/nl\/wp-json\/wp\/v2\/types\/product"}],"wp:featuredmedia":[{"embeddable":true,"href":"https:\/\/bicepsshop.nl\/nl\/wp-json\/wp\/v2\/media\/57925"}],"wp:attachment":[{"href":"https:\/\/bicepsshop.nl\/nl\/wp-json\/wp\/v2\/media?parent=550400"}],"wp:term":[{"taxonomy":"product_cat","embeddable":true,"href":"https:\/\/bicepsshop.nl\/nl\/wp-json\/wp\/v2\/product_cat?post=550400"},{"taxonomy":"product_tag","embeddable":true,"href":"https:\/\/bicepsshop.nl\/nl\/wp-json\/wp\/v2\/product_tag?post=550400"}],"curies":[{"name":"wp","href":"https:\/\/api.w.org\/{rel}","templated":true}]}}