{"id":550500,"date":"2024-08-29T15:44:57","date_gmt":"2024-08-29T13:44:57","guid":{"rendered":"https:\/\/bicepsshop.nl\/produkt\/pro-post-workout-pro-series-900g\/"},"modified":"2025-10-01T20:15:46","modified_gmt":"2025-10-01T18:15:46","slug":"pro-post-workout-pro-series-900g","status":"publish","type":"product","link":"https:\/\/bicepsshop.nl\/nl\/product\/pro-post-workout-pro-series-900g\/","title":{"rendered":"PRO+ POST WORKOUT PRO SERIES &#8211; 900g"},"content":{"rendered":"<p>PRO+ POST WORKOUT bevat 18 actieve ingredi\u00ebnten, waaronder: exogene EAA-aminozuren, creatine, beta-alanine, beta\u00efne, pectine, vitamine- en mineralencomplex. Alle ingredi\u00ebnten in PRO+ POST WORKOUT werken in synergie en vullen elkaars eigenschappen aan.<\/p>\n<p>Ondersteunt spieropbouw<\/p>\n<p>Spieren die intensief worden getraind verliezen hun bouwstenen, dus om ze in staat te stellen op volle snelheid te werken tot de laatste minuten van de training en de daaropvolgende regeneratie zonder het risico van katabolisme, is het nodig aminozuren te leveren. PRO+ POST WORKOUT is verrijkt met een complex van exogene EAA-aminozuren &#8211; dat zijn aminozuren die ons lichaam niet zelf kan aanmaken. Het is belangrijk om het volledige EAA-complex aan het supplement toe te voegen, omdat het ontbreken van zelfs maar \u00e9\u00e9n van deze aminozuren het proces van de reconstructie van spiervezels kan remmen.<\/p>\n<p>Het EAA-complex in PRO+ POST WORKOUT bevat ook vertakte-keten aminozuren BCAA&#8217;s, die helpen met energie, het handhaven van een goede suikerspiegel en het verminderen van cortisol &#8211; het stresshormoon.<\/p>\n<p>Verhoogt de spierpomp<\/p>\n<p>De toevoeging van Sabeet\u00ae bietenextract, gepatenteerd door Sabinsa&#8217;s Amerikaanse laboratorium, levert anorganische nitraten, zeer belangrijk voor het behoud van het spierpompeffect bij gebruik van PRO+ POST WORKOUT tijdens de training. Bovendien is beta\u00efne in bietenextract betrokken bij het proces van creatinesynthese, dat het spierpompeffect tijdens de training aanzienlijk be\u00efnvloedt.<\/p>\n<p>Levert energie<\/p>\n<p>Intensieve training gaat gepaard met het verbruik van aanzienlijke hoeveelheden energie, en het is bekend dat met het afnemen hiervan de training helaas tot een einde komt. PRO+ POST WORKOUT levert de juiste hoeveelheid koolhydraten die de beste bron van energie zijn tijdens de training, waardoor je de intensiteit van je training kunt behouden.<\/p>\n<p>Bovendien kunnen de koolhydraten in PRO+ POST WORKOUT het herstel van de spierglycogeenvoorraden be\u00efnvloeden, een energiebron voor hard werkende spieren. Dit vergemakkelijkt hun daaropvolgende regeneratie. De merkformule Palatinose\u2122 in het voedingsmiddel helpt schommelingen in de insulinespiegel onder controle te houden, wat het gebruik van energie uit vetweefsel en de gelijktijdige verbranding ervan stimuleert.<\/p>\n","protected":false},"excerpt":{"rendered":"<p><strong>UITGEBREIDE REGENERATIE NA TRAINING<\/strong><br \/>\n<strong>MERKFORMULE VAN SABEET\u00ae, PALATINOSE\u2122 EN COCOMINERAL\u00ae<\/strong><br \/>\n<strong>BOUWT SPIEREN OP EN VERHOOGT DE SPIERPOMP<\/strong><br \/>\n<strong>MAAR LIEFST 18 ACTIEVE INGREDI\u00cbNTEN!<\/strong><\/p>\n","protected":false},"featured_media":550498,"template":"","meta":{"_acf_changed":false},"product_cat":[10250,10223,10322,10232],"product_tag":[15780,15781,15782,15783,15784],"class_list":{"0":"post-550500","1":"product","2":"type-product","3":"status-publish","4":"has-post-thumbnail","6":"product_cat-aminozuren-nl","7":"product_cat-home-nl","8":"product_cat-regeneratie-nl","9":"product_cat-toepassing-nl","10":"product_tag-after-workout-nl","11":"product_tag-po-treningu-nl","12":"product_tag-post-workout-nl","13":"product_tag-pro-post-workout-900g-nl","14":"product_tag-regeneration-nl","15":"pa_flavour-iceteapeach-nl-2","16":"pa_flavour-lemon-ice-tea-nl","17":"ts_product_brand-allnutrition-nl","19":"first","20":"outofstock","21":"taxable","22":"shipping-taxable","23":"purchasable","24":"product-type-variable"},"acf":[],"tiered_pricing_type":"fixed","tiered_pricing_fixed_rules":[],"tiered_pricing_product_settings":{"layout":"default","base_unit_name":{"singular":null,"plural":null},"default_variation":null},"tiered_pricing_minimum_quantity":null,"tiered_pricing_roles_data":[],"tiered_pricing_percentage_rules":[],"_links":{"self":[{"href":"https:\/\/bicepsshop.nl\/nl\/wp-json\/wp\/v2\/product\/550500","targetHints":{"allow":["GET"]}}],"collection":[{"href":"https:\/\/bicepsshop.nl\/nl\/wp-json\/wp\/v2\/product"}],"about":[{"href":"https:\/\/bicepsshop.nl\/nl\/wp-json\/wp\/v2\/types\/product"}],"wp:featuredmedia":[{"embeddable":true,"href":"https:\/\/bicepsshop.nl\/nl\/wp-json\/wp\/v2\/media\/550498"}],"wp:attachment":[{"href":"https:\/\/bicepsshop.nl\/nl\/wp-json\/wp\/v2\/media?parent=550500"}],"wp:term":[{"taxonomy":"product_cat","embeddable":true,"href":"https:\/\/bicepsshop.nl\/nl\/wp-json\/wp\/v2\/product_cat?post=550500"},{"taxonomy":"product_tag","embeddable":true,"href":"https:\/\/bicepsshop.nl\/nl\/wp-json\/wp\/v2\/product_tag?post=550500"}],"curies":[{"name":"wp","href":"https:\/\/api.w.org\/{rel}","templated":true}]}}