{"id":59553,"date":"2023-03-09T15:55:29","date_gmt":"2023-03-09T14:55:29","guid":{"rendered":"https:\/\/bicepsshop.nl\/produkt\/flexit-gold-gel-100ml\/"},"modified":"2023-03-09T15:55:29","modified_gmt":"2023-03-09T14:55:29","slug":"flexit-gold-gel-100ml","status":"publish","type":"product","link":"https:\/\/bicepsshop.nl\/nl\/product\/flexit-gold-gel-100ml\/","title":{"rendered":"FLEXIT GOLD GEL &#8211; 100ml"},"content":{"rendered":"<p>FLEXIT GOLD GEL is bestemd voor toepassing op de huid. De oorspronkelijke formule bestaat uit een speciaal ontwikkeld complex van werkzame stoffen, met een hoog gehalte aan MSM, glucosaminesulfaat en chondro\u00eftine. Het is verrijkt met Indisch wierookextract, essenti\u00eble oli\u00ebn van eucalyptus en Atlantische ceder en menthol. Het richt zich op de verzorging van het bindweefsel in het gebied van gespannen ruggewrichten, pezen en spieren.<\/p>\n<p>Flexit Gold Gel is bedoeld om vermoeide gewrichten en spieren te masseren. Het wordt gekenmerkt door een zeer snelle absorptie en een innovatieve samenstelling. Het werkt uitstekend in combinatie met een van de supplementen uit de serie. Als u gevoelig bent voor blessures, moet u het altijd bij u hebben voor onmiddellijke verlichting van de pijn.<\/p>\n","protected":false},"excerpt":{"rendered":"<p><strong>Volledige verzorging van het bindweefsel<\/strong><br \/><strong>Verwarmen en koelen<\/strong><br \/><strong>Vermindert spanning in het gespannen gebied<\/strong><br \/><strong>Hoog gehalte aan MSM<\/strong><br \/><strong>Versnelt de regeneratie van beschadigd weefsel<\/strong><\/p>\n","protected":false},"featured_media":59549,"template":"","meta":{"_acf_changed":false},"product_cat":[7126,7162,10223,10346],"product_tag":[],"class_list":{"0":"post-59553","1":"product","2":"type-product","3":"status-publish","4":"has-post-thumbnail","6":"product_cat-andere","7":"product_cat-gezondheid","8":"product_cat-home-nl","9":"product_cat-mijn-gewrichten-nl","10":"ts_product_brand-nutrend-nl","12":"first","13":"instock","14":"taxable","15":"shipping-taxable","16":"purchasable","17":"product-type-simple"},"acf":[],"tiered_pricing_type":"fixed","tiered_pricing_fixed_rules":[],"tiered_pricing_product_settings":{"layout":"default","base_unit_name":{"singular":null,"plural":null},"default_variation":null},"tiered_pricing_minimum_quantity":null,"tiered_pricing_roles_data":[],"tiered_pricing_percentage_rules":[],"_links":{"self":[{"href":"https:\/\/bicepsshop.nl\/nl\/wp-json\/wp\/v2\/product\/59553","targetHints":{"allow":["GET"]}}],"collection":[{"href":"https:\/\/bicepsshop.nl\/nl\/wp-json\/wp\/v2\/product"}],"about":[{"href":"https:\/\/bicepsshop.nl\/nl\/wp-json\/wp\/v2\/types\/product"}],"wp:featuredmedia":[{"embeddable":true,"href":"https:\/\/bicepsshop.nl\/nl\/wp-json\/wp\/v2\/media\/59549"}],"wp:attachment":[{"href":"https:\/\/bicepsshop.nl\/nl\/wp-json\/wp\/v2\/media?parent=59553"}],"wp:term":[{"taxonomy":"product_cat","embeddable":true,"href":"https:\/\/bicepsshop.nl\/nl\/wp-json\/wp\/v2\/product_cat?post=59553"},{"taxonomy":"product_tag","embeddable":true,"href":"https:\/\/bicepsshop.nl\/nl\/wp-json\/wp\/v2\/product_tag?post=59553"}],"curies":[{"name":"wp","href":"https:\/\/api.w.org\/{rel}","templated":true}]}}