{"id":60219,"date":"2023-09-05T14:09:21","date_gmt":"2023-09-05T12:09:21","guid":{"rendered":"https:\/\/bicepsshop.nl\/produkt\/loco-shot-race-endurance-mango-passionfruit-120ml\/"},"modified":"2023-09-05T14:09:21","modified_gmt":"2023-09-05T12:09:21","slug":"loco-shot-race-endurance-mango-passionfruit-120ml","status":"publish","type":"product","link":"https:\/\/bicepsshop.nl\/nl\/product\/loco-shot-race-endurance-mango-passionfruit-120ml\/","title":{"rendered":"LOCO SHOT RACE &#038; ENDURANCE MANGO PASSIONFRUIT &#8211; 120ml"},"content":{"rendered":"<p>Iemand die besluit mee te doen aan een ultramarathon wordt door de meeste mensen gezien als een gek. Voor ons is hij een held en daarom hebben we LOCO RACE &amp; ENDURANCE voorbereid. We willen zulke dappere gekken steunen.<\/p>\n<p>Lichte stimulatie dankzij cafe\u00efne en guarana-extract maakt je energiek en gemotiveerd om te trainen. De cafe\u00efne in dit product is in een zodanige hoeveelheid dat het geen zogenaamde &#8220;cafe\u00efnecrash&#8221; veroorzaakt, maar het lichaam slechts licht tot actie aanzet.<\/p>\n<p>Het koolhydraatgehalte van de Palatinose\u2122-formule zorgt ervoor dat je spieren intensiever en ongestoord werken. De vari\u00ebrende snelheid waarmee glucose in het bloed vrijkomt, zorgt voor langdurige toegang tot gemakkelijk verteerbare energie, en de mineralen in Cocoin\u00ae kokoswaterextract garanderen een goede werking van het spiercontractiemechanisme.<\/p>\n<p>Een innovatie in dit product is de combinatie van l-carnitinetartraat en beta-alanine, bekend om hun uithoudingsverhogende effecten, met cayennepepeper-extract. Deze combinatie verhoogt het uithoudingsvermogen en de inspanningscapaciteit tijdens de training merkbaar. De toevoeging van BCAA&#8217;s en rutine in het supplement heeft een antikatabole en antioxiderende werking, wat een positieve invloed heeft op de herstelsnelheid na de training. Daardoor kun je het aantal trainingseenheden in een cyclus verhogen.<\/p>\n","protected":false},"excerpt":{"rendered":"<p><strong>VERHOOGD UITHOUDINGSVERMOGEN BIJ INSPANNING<\/strong><br \/><strong>BEVAT PALATINOSE\u2122 EN COCOIN\u00ae FORMULE<\/strong><br \/><strong>GEBASEERD OP INGREDI\u00cbNTEN VAN DE HOOGSTE KWALITEIT<\/strong><br \/><strong>TOT 1200 MG BCAA PER PORTIE<\/strong><br \/><strong>VERKRIJGBAAR IN EEN HANDIGE VORM!<\/strong><br \/><strong>TWEE PORTIES IN EEN VERPAKKING<\/strong><\/p>\n","protected":false},"featured_media":60215,"template":"","meta":{"_acf_changed":false},"product_cat":[10223,7144],"product_tag":[15337],"class_list":{"0":"post-60219","1":"product","2":"type-product","3":"status-publish","4":"has-post-thumbnail","6":"product_cat-home-nl","7":"product_cat-schoten","8":"product_tag-allnutrition-nl-nl","10":"first","11":"outofstock","12":"taxable","13":"shipping-taxable","14":"purchasable","15":"product-type-simple"},"acf":[],"tiered_pricing_type":"fixed","tiered_pricing_fixed_rules":[],"tiered_pricing_product_settings":{"layout":"default","base_unit_name":{"singular":null,"plural":null},"default_variation":null},"tiered_pricing_minimum_quantity":null,"tiered_pricing_roles_data":[],"tiered_pricing_percentage_rules":[],"_links":{"self":[{"href":"https:\/\/bicepsshop.nl\/nl\/wp-json\/wp\/v2\/product\/60219","targetHints":{"allow":["GET"]}}],"collection":[{"href":"https:\/\/bicepsshop.nl\/nl\/wp-json\/wp\/v2\/product"}],"about":[{"href":"https:\/\/bicepsshop.nl\/nl\/wp-json\/wp\/v2\/types\/product"}],"wp:featuredmedia":[{"embeddable":true,"href":"https:\/\/bicepsshop.nl\/nl\/wp-json\/wp\/v2\/media\/60215"}],"wp:attachment":[{"href":"https:\/\/bicepsshop.nl\/nl\/wp-json\/wp\/v2\/media?parent=60219"}],"wp:term":[{"taxonomy":"product_cat","embeddable":true,"href":"https:\/\/bicepsshop.nl\/nl\/wp-json\/wp\/v2\/product_cat?post=60219"},{"taxonomy":"product_tag","embeddable":true,"href":"https:\/\/bicepsshop.nl\/nl\/wp-json\/wp\/v2\/product_tag?post=60219"}],"curies":[{"name":"wp","href":"https:\/\/api.w.org\/{rel}","templated":true}]}}