{"id":60325,"date":"2023-09-21T17:36:07","date_gmt":"2023-09-21T15:36:07","guid":{"rendered":"https:\/\/bicepsshop.nl\/produkt\/craze-shot-80ml\/"},"modified":"2023-09-21T17:36:07","modified_gmt":"2023-09-21T15:36:07","slug":"craze-shot-80ml","status":"publish","type":"product","link":"https:\/\/bicepsshop.nl\/nl\/product\/craze-shot-80ml\/","title":{"rendered":"CRAZE SHOT &#8211; 80ml"},"content":{"rendered":"<p>Een geweldig voedingssupplement voor v\u00f3\u00f3r de training in de vorm van een shot. Dankzij dit supplement wordt elke training (zelfs op een zwakkere dag) voor 100% uitgevoerd. Ga voor een krachtige energieboost en doorbreek nieuwe trainingsbarri\u00e8res &#8211; laat niets je beperken! Het product bevat alleen effectieve doses van bewezen actieve ingredi\u00ebnten, waaronder een enorme portie pure cafe\u00efne.<\/p>\n<p>6PAK Nutrition CRAZE SHOT is een geweldige keuze voor iedereen die de hoogste kwaliteit en doordachte samenstelling waardeert. Het product is speciaal voor mensen met een hoge tolerantie voor cafe\u00efne. De formule is ontwikkeld door de beste specialisten in de industrie en met medewerking van professionele atleten &#8211; waardoor een uitstekend effect kon worden bereikt!<\/p>\n","protected":false},"excerpt":{"rendered":"<p><strong>CRAZE SHOT is een pre-workout in een shot met een doordachte samenstelling, die is ontworpen om het lichaam voor de training aanzienlijk te stimuleren. 480 mg cafe\u00efne in een flesje!<\/strong><\/p>\n","protected":false},"featured_media":60317,"template":"","meta":{"_acf_changed":false},"product_cat":[10223,7144],"product_tag":[],"class_list":{"0":"post-60325","1":"product","2":"type-product","3":"status-publish","4":"has-post-thumbnail","6":"product_cat-home-nl","7":"product_cat-schoten","8":"pa_flavour-lemon_grape-nl-2","9":"pa_flavour-orange-nl-2","10":"ts_product_brand-6pak","12":"first","13":"outofstock","14":"taxable","15":"shipping-taxable","16":"purchasable","17":"product-type-variable"},"acf":[],"tiered_pricing_type":"fixed","tiered_pricing_fixed_rules":[],"tiered_pricing_product_settings":{"layout":"default","base_unit_name":{"singular":null,"plural":null},"default_variation":null},"tiered_pricing_minimum_quantity":null,"tiered_pricing_roles_data":[],"tiered_pricing_percentage_rules":[],"_links":{"self":[{"href":"https:\/\/bicepsshop.nl\/nl\/wp-json\/wp\/v2\/product\/60325","targetHints":{"allow":["GET"]}}],"collection":[{"href":"https:\/\/bicepsshop.nl\/nl\/wp-json\/wp\/v2\/product"}],"about":[{"href":"https:\/\/bicepsshop.nl\/nl\/wp-json\/wp\/v2\/types\/product"}],"wp:featuredmedia":[{"embeddable":true,"href":"https:\/\/bicepsshop.nl\/nl\/wp-json\/wp\/v2\/media\/60317"}],"wp:attachment":[{"href":"https:\/\/bicepsshop.nl\/nl\/wp-json\/wp\/v2\/media?parent=60325"}],"wp:term":[{"taxonomy":"product_cat","embeddable":true,"href":"https:\/\/bicepsshop.nl\/nl\/wp-json\/wp\/v2\/product_cat?post=60325"},{"taxonomy":"product_tag","embeddable":true,"href":"https:\/\/bicepsshop.nl\/nl\/wp-json\/wp\/v2\/product_tag?post=60325"}],"curies":[{"name":"wp","href":"https:\/\/api.w.org\/{rel}","templated":true}]}}