{"id":60514,"date":"2023-10-10T15:56:21","date_gmt":"2023-10-10T13:56:21","guid":{"rendered":"https:\/\/bicepsshop.nl\/produkt\/swirl-bar-60g\/"},"modified":"2023-10-10T15:56:21","modified_gmt":"2023-10-10T13:56:21","slug":"swirl-bar-60g","status":"publish","type":"product","link":"https:\/\/bicepsshop.nl\/nl\/product\/swirl-bar-60g\/","title":{"rendered":"SWIRL BAR &#8211; 60g"},"content":{"rendered":"<p>Een traktatie, zonder valsspelen! Deze rijke en zachte reep, met een werveling van vulling in het midden en smaakspecifieke insluitsels is onweerstaanbaar lekker. De slimmere snackoplossing die zowel prote\u00efne als smaak biedt, met 16g prote\u00efne per duoreepverpakking, weinig suiker en vet en minder dan 99 calorie\u00ebn per reep van 30g.<\/p>\n","protected":false},"excerpt":{"rendered":"<p>Een traktatie, zonder valsspelen! Deze rijke en zachte reep, met een werveling van vulling in het midden en smaakspecifieke insluitsels is onweerstaanbaar lekker. De slimmere snackoplossing die zowel prote\u00efne als smaak biedt, met 16g prote\u00efne per duoreepverpakking, weinig suiker en vet en minder dan 99 calorie\u00ebn per reep van 30g.<\/p>\n","protected":false},"featured_media":60506,"template":"","meta":{"_acf_changed":false},"product_cat":[10223,10301],"product_tag":[15656],"class_list":{"0":"post-60514","1":"product","2":"type-product","3":"status-publish","4":"has-post-thumbnail","6":"product_cat-home-nl","7":"product_cat-repen-nl","8":"product_tag-bars-nl","9":"pa_flavour-jamroll_poly-nl-2","10":"pa_flavour-whitechocolate_peanut-nl","12":"first","13":"outofstock","14":"taxable","15":"shipping-taxable","16":"purchasable","17":"product-type-variable","18":"has-default-attributes"},"acf":[],"tiered_pricing_type":"fixed","tiered_pricing_fixed_rules":[],"tiered_pricing_product_settings":{"layout":"default","base_unit_name":{"singular":null,"plural":null},"default_variation":null},"tiered_pricing_minimum_quantity":null,"tiered_pricing_roles_data":[],"tiered_pricing_percentage_rules":[],"_links":{"self":[{"href":"https:\/\/bicepsshop.nl\/nl\/wp-json\/wp\/v2\/product\/60514","targetHints":{"allow":["GET"]}}],"collection":[{"href":"https:\/\/bicepsshop.nl\/nl\/wp-json\/wp\/v2\/product"}],"about":[{"href":"https:\/\/bicepsshop.nl\/nl\/wp-json\/wp\/v2\/types\/product"}],"wp:featuredmedia":[{"embeddable":true,"href":"https:\/\/bicepsshop.nl\/nl\/wp-json\/wp\/v2\/media\/60506"}],"wp:attachment":[{"href":"https:\/\/bicepsshop.nl\/nl\/wp-json\/wp\/v2\/media?parent=60514"}],"wp:term":[{"taxonomy":"product_cat","embeddable":true,"href":"https:\/\/bicepsshop.nl\/nl\/wp-json\/wp\/v2\/product_cat?post=60514"},{"taxonomy":"product_tag","embeddable":true,"href":"https:\/\/bicepsshop.nl\/nl\/wp-json\/wp\/v2\/product_tag?post=60514"}],"curies":[{"name":"wp","href":"https:\/\/api.w.org\/{rel}","templated":true}]}}