{"id":60570,"date":"2023-10-26T14:54:13","date_gmt":"2023-10-26T12:54:13","guid":{"rendered":"https:\/\/bicepsshop.nl\/produkt\/100-almond-butter-smooth-500g\/"},"modified":"2023-10-26T14:54:13","modified_gmt":"2023-10-26T12:54:13","slug":"100-almond-butter-smooth-500g","status":"publish","type":"product","link":"https:\/\/bicepsshop.nl\/nl\/product\/100-almond-butter-smooth-500g\/","title":{"rendered":"100% ALMOND BUTTER SMOOTH &#8211; 500g"},"content":{"rendered":"<p><strong>NutVit 100% Amandelcr\u00e8me 500 g<\/strong><\/p>\n<p>NutVit 100% Amandelcr\u00e8me is een heerlijke cr\u00e8me op basis van amandelen, die onder andere een bron van eiwitten en essenti\u00eble vetzuren (EFA&#8217;s) is. Het bevat geen toegevoegde suiker of zout, en de unieke smaak maakt het perfect voor zowel zoete als hartige gerechten. Het is een product dat vooral wordt aanbevolen voor mensen die een slank figuur willen, maar ook voor sporters.<\/p>\n<p>Pindakaas, ook bekend als amandelboter, is een product gemaakt van de zaden van de gewone amandelboom &#8211; een vaste plant uit de rozenfamilie, die van nature voorkomt in mediterrane landen, hoewel de VS de belangrijkste producent is. In de volksmond worden amandelen de &#8220;koning der noten&#8221; genoemd, maar het zijn eigenlijk geen noten. In plaats daarvan zijn ze een waardevolle bron van waardevolle ingredi\u00ebnten &#8211; enkelvoudig en meervoudig onverzadigde vetzuren, eiwitten, voedingsvezels, evenals vitaminen en mineralen.<\/p>\n","protected":false},"excerpt":{"rendered":"<p><strong>Gemaakt van 100% amandelen.<\/strong><br \/><strong>Bron van waardevolle ingredi\u00ebnten &#8211; het product bevat licht verteerbaar eiwit, essenti\u00eble vetzuren, voedingsvezels, vitaminen en mineralen.<\/strong><br \/><strong>Uniforme, gladde en fluweelzachte textuur.<\/strong><br \/><strong>Geen toegevoegd zout.<\/strong><br \/><strong>Geen toegevoegde suiker.<\/strong><br \/><strong>Geen palmolie.<\/strong><br \/><strong>Geschikt voor vegetari\u00ebrs en veganisten &#8211; het product bevat geen dierlijke ingredi\u00ebnten.<\/strong><\/p>\n","protected":false},"featured_media":60566,"template":"","meta":{"_acf_changed":false},"product_cat":[],"product_tag":[],"class_list":{"0":"post-60570","1":"product","2":"type-product","3":"status-publish","4":"has-post-thumbnail","7":"first","8":"outofstock","9":"taxable","10":"shipping-taxable","11":"purchasable","12":"product-type-simple"},"acf":[],"tiered_pricing_type":"fixed","tiered_pricing_fixed_rules":[],"tiered_pricing_product_settings":{"layout":"default","base_unit_name":{"singular":null,"plural":null},"default_variation":null},"tiered_pricing_minimum_quantity":null,"tiered_pricing_roles_data":[],"tiered_pricing_percentage_rules":[],"_links":{"self":[{"href":"https:\/\/bicepsshop.nl\/nl\/wp-json\/wp\/v2\/product\/60570","targetHints":{"allow":["GET"]}}],"collection":[{"href":"https:\/\/bicepsshop.nl\/nl\/wp-json\/wp\/v2\/product"}],"about":[{"href":"https:\/\/bicepsshop.nl\/nl\/wp-json\/wp\/v2\/types\/product"}],"wp:featuredmedia":[{"embeddable":true,"href":"https:\/\/bicepsshop.nl\/nl\/wp-json\/wp\/v2\/media\/60566"}],"wp:attachment":[{"href":"https:\/\/bicepsshop.nl\/nl\/wp-json\/wp\/v2\/media?parent=60570"}],"wp:term":[{"taxonomy":"product_cat","embeddable":true,"href":"https:\/\/bicepsshop.nl\/nl\/wp-json\/wp\/v2\/product_cat?post=60570"},{"taxonomy":"product_tag","embeddable":true,"href":"https:\/\/bicepsshop.nl\/nl\/wp-json\/wp\/v2\/product_tag?post=60570"}],"curies":[{"name":"wp","href":"https:\/\/api.w.org\/{rel}","templated":true}]}}