{"id":653229,"date":"2025-05-06T14:22:49","date_gmt":"2025-05-06T12:22:49","guid":{"rendered":"https:\/\/bicepsshop.nl\/produkt\/nutlove-nutty-cocoa-1-kg\/"},"modified":"2025-05-06T14:25:39","modified_gmt":"2025-05-06T12:25:39","slug":"nutlove-nutty-cocoa-1-kg","status":"publish","type":"product","link":"https:\/\/bicepsshop.nl\/nl\/product\/nutlove-nutty-cocoa-1-kg\/","title":{"rendered":"NUTLOVE NUTTY &#038; COCOA &#8211; 1 kg"},"content":{"rendered":"<p>ALLNUTRITION NUTLOVE NUTTY &amp; COCOA is een heerlijke chocolade- en notencr\u00e8me zonder toegevoegde suiker of palmolie. Verrijkt met hazelnoten in een perfect smeu\u00efge versie. Dit is weer zo&#8217;n heerlijke cr\u00e8me waarvan je zeker zult genieten. Nu in een grotere verpakking &#8211; maar liefst 1 kg!<\/p>\n<p>NUTLOVE NUTTY &amp; COCOA combineert een uitzonderlijke smaak met gezondheid. Zonder toegevoegde suiker of palmolie. De romige, zachte textuur en authentieke notensmaak maken van elke hap een combinatie van heerlijke smaak in een fitte versie!<\/p>\n<p>VERRIJKT DE SMAAK VAN FITTE GERECHTEN EN DESSERTS<\/p>\n<p>NUTLOVE NUTTY &amp; COCOA is perfect als ingredi\u00ebnt voor fitte gerechten &#8211; pannenkoeken, wafels en havermout. Het smaakt ook geweldig in combinatie met rijstwafels. We garanderen dat je favoriete maaltijden een hele nieuwe smaakdimensie krijgen.<\/p>\n","protected":false},"excerpt":{"rendered":"<p><strong>CHOCOLADE- EN NOTENCR\u00c8ME ZONDER TOEGEVOEGDE SUIKER<\/strong><br \/>\n<strong>ZONDER PALMOLIE<\/strong><br \/>\n<strong>VERRIJKT MET HAZELNOTEN<\/strong><br \/>\n<strong>PERFECT ROMIGE &#8211; ZACHTE VERSIE<\/strong><br \/>\n<strong>WEL 1 KG PER VERPAKKING<\/strong><\/p>\n","protected":false},"featured_media":653227,"template":"","meta":{"_acf_changed":false},"product_cat":[10244,17147,10223,10349],"product_tag":[15337,15558,16737,16738],"class_list":{"0":"post-653229","1":"product","2":"type-product","3":"status-publish","4":"has-post-thumbnail","6":"product_cat-dieet-voedsel-nl","7":"product_cat-dieetcremes","8":"product_cat-home-nl","9":"product_cat-olien-en-cremes-nl","10":"product_tag-allnutrition-nl-nl","11":"product_tag-nutlove-nl-2","12":"product_tag-nutlove-1-kg-nl","13":"product_tag-nutlove-nutty-cocoa-1-kg-nl","14":"ts_product_brand-allnutrition-nl","16":"first","17":"instock","18":"taxable","19":"shipping-taxable","20":"purchasable","21":"product-type-simple"},"acf":[],"tiered_pricing_type":"fixed","tiered_pricing_fixed_rules":[],"tiered_pricing_product_settings":{"layout":"default","base_unit_name":{"singular":null,"plural":null},"default_variation":null},"tiered_pricing_minimum_quantity":null,"tiered_pricing_roles_data":[],"tiered_pricing_percentage_rules":[],"_links":{"self":[{"href":"https:\/\/bicepsshop.nl\/nl\/wp-json\/wp\/v2\/product\/653229","targetHints":{"allow":["GET"]}}],"collection":[{"href":"https:\/\/bicepsshop.nl\/nl\/wp-json\/wp\/v2\/product"}],"about":[{"href":"https:\/\/bicepsshop.nl\/nl\/wp-json\/wp\/v2\/types\/product"}],"wp:featuredmedia":[{"embeddable":true,"href":"https:\/\/bicepsshop.nl\/nl\/wp-json\/wp\/v2\/media\/653227"}],"wp:attachment":[{"href":"https:\/\/bicepsshop.nl\/nl\/wp-json\/wp\/v2\/media?parent=653229"}],"wp:term":[{"taxonomy":"product_cat","embeddable":true,"href":"https:\/\/bicepsshop.nl\/nl\/wp-json\/wp\/v2\/product_cat?post=653229"},{"taxonomy":"product_tag","embeddable":true,"href":"https:\/\/bicepsshop.nl\/nl\/wp-json\/wp\/v2\/product_tag?post=653229"}],"curies":[{"name":"wp","href":"https:\/\/api.w.org\/{rel}","templated":true}]}}