{"id":654469,"date":"2025-07-15T13:54:27","date_gmt":"2025-07-15T11:54:27","guid":{"rendered":"https:\/\/bicepsshop.nl\/produkt\/guarilla-energy-270-g\/"},"modified":"2025-10-01T20:15:47","modified_gmt":"2025-10-01T18:15:47","slug":"guarilla-energy-270-g","status":"publish","type":"product","link":"https:\/\/bicepsshop.nl\/nl\/product\/guarilla-energy-270-g\/","title":{"rendered":"GUARILLA ENERGY &#8211; 270 g"},"content":{"rendered":"<p>GUARILLA\u00ae ENERGY. Voedingssupplement. Bevat zoetstoffen. Bevat cafe\u00efne (100 mg \/ dagelijkse portie van 2,25 g). Niet aanbevolen voor kinderen of zwangere vrouwen. Niet samen consumeren met andere producten die bronnen zijn van cafe\u00efne of andere ingredi\u00ebnten met vergelijkbare effecten. Het product met onder andere b\u00e8ta-alanine en citrullinemalaat is bedoeld voor fysiek actieve volwassenen, tijdens perioden van de meest uitputtende, langdurige duur- en krachttraining. Vitamine B6 en niacine helpen gevoelens van vermoeidheid en moeheid te verminderen.<\/p>\n","protected":false},"excerpt":{"rendered":"<p><strong>Pre-workout met cafe\u00efne<\/strong><\/p>\n","protected":false},"featured_media":654463,"template":"","meta":{"_acf_changed":false},"product_cat":[10310,10343,7140],"product_tag":[16922,16923,11014],"class_list":{"0":"post-654469","1":"product","2":"type-product","3":"status-publish","4":"has-post-thumbnail","6":"product_cat-kracht-nl","7":"product_cat-pre-workout-boosters-nl","8":"product_cat-voor-de-training","9":"product_tag-guarilla-nl","10":"product_tag-guarilla-pre-workout-nl","11":"product_tag-pre-workout","12":"pa_flavour-blackberry_pineapple-nl-2","13":"pa_flavour-orange_mango-nl-2","14":"ts_product_brand-fitness-authority-nl","16":"first","17":"instock","18":"taxable","19":"shipping-taxable","20":"purchasable","21":"product-type-variable"},"acf":[],"tiered_pricing_type":"fixed","tiered_pricing_fixed_rules":[],"tiered_pricing_product_settings":{"layout":"default","base_unit_name":{"singular":null,"plural":null},"default_variation":null},"tiered_pricing_minimum_quantity":null,"tiered_pricing_roles_data":[],"tiered_pricing_percentage_rules":[],"_links":{"self":[{"href":"https:\/\/bicepsshop.nl\/nl\/wp-json\/wp\/v2\/product\/654469","targetHints":{"allow":["GET"]}}],"collection":[{"href":"https:\/\/bicepsshop.nl\/nl\/wp-json\/wp\/v2\/product"}],"about":[{"href":"https:\/\/bicepsshop.nl\/nl\/wp-json\/wp\/v2\/types\/product"}],"wp:featuredmedia":[{"embeddable":true,"href":"https:\/\/bicepsshop.nl\/nl\/wp-json\/wp\/v2\/media\/654463"}],"wp:attachment":[{"href":"https:\/\/bicepsshop.nl\/nl\/wp-json\/wp\/v2\/media?parent=654469"}],"wp:term":[{"taxonomy":"product_cat","embeddable":true,"href":"https:\/\/bicepsshop.nl\/nl\/wp-json\/wp\/v2\/product_cat?post=654469"},{"taxonomy":"product_tag","embeddable":true,"href":"https:\/\/bicepsshop.nl\/nl\/wp-json\/wp\/v2\/product_tag?post=654469"}],"curies":[{"name":"wp","href":"https:\/\/api.w.org\/{rel}","templated":true}]}}