{"id":654939,"date":"2025-08-18T11:40:22","date_gmt":"2025-08-18T09:40:22","guid":{"rendered":"https:\/\/bicepsshop.nl\/produkt\/oyeet-walkingrunning-treadmill-with-incline\/"},"modified":"2026-04-01T01:00:06","modified_gmt":"2026-03-31T23:00:06","slug":"oyeet-walkingrunning-treadmill-with-incline","status":"publish","type":"product","link":"https:\/\/bicepsshop.nl\/nl\/product\/oyeet-walkingrunning-treadmill-with-incline\/","title":{"rendered":"OYeet Walking&#038;Running Treadmill with incline, hardloopband"},"content":{"rendered":"<h1 data-path-to-node=\"14\">OYeet Walking &amp; Running Treadmill met Helling \u2013 De Ideale Loopband voor Thuis<\/h1>\n<p data-path-to-node=\"15\">Verbeter je conditie in het comfort van je eigen huis met de <b data-path-to-node=\"15\" data-index-in-node=\"61\">OYeet Walking &amp; Running Treadmill<\/b>. Deze slimme loopband is ontworpen voor zowel wandelen als hardlopen en biedt de perfecte balans tussen kracht en gebruiksgemak. Dankzij het compacte design en de instelbare hellingshoek is dit de ultieme toevoeging aan je home gym.<\/p>\n<ul data-path-to-node=\"16\">\n<li>\n<p data-path-to-node=\"16,0,0\"><b data-path-to-node=\"16,0,0\" data-index-in-node=\"0\">Ruimtebesparend &amp; Instelbare Helling:<\/b> Eenvoudig op te vouwen om ruimte te besparen. De verstelbare hellingshoeken zorgen voor een uitdagende training van de beenspieren.<\/p>\n<\/li>\n<li>\n<p data-path-to-node=\"16,1,0\"><b data-path-to-node=\"16,1,0\" data-index-in-node=\"0\">Groot en Helder Display:<\/b> Houd je voortgang nauwkeurig bij. Het grote scherm toont al je trainingsstatistieken: stappen, calorie\u00ebn en hartslag in \u00e9\u00e9n oogopslag.<\/p>\n<\/li>\n<li>\n<p data-path-to-node=\"16,2,0\"><b data-path-to-node=\"16,2,0\" data-index-in-node=\"0\">Soepel &amp; Krachtig:<\/b> De stille motor zorgt voor een soepele ervaring, van wandelen tot sprinten, terwijl de schokabsorptie je gewrichten optimaal beschermt.<\/p>\n<\/li>\n<li>\n<p data-path-to-node=\"16,3,0\"><b data-path-to-node=\"16,3,0\" data-index-in-node=\"0\">Connect &amp; Play:<\/b> Koppel je telefoon voor interactieve trainingen en virtuele hardloopervaringen die je training leuker en uitdagender maken.<\/p>\n<\/li>\n<li>\n<p data-path-to-node=\"16,4,0\"><b data-path-to-node=\"16,4,0\" data-index-in-node=\"0\">Robuust &amp; Veilig:<\/b> Een stevig frame met geavanceerde veiligheidsfuncties zorgt voor een stabiele en zorgeloze training, elke dag weer.<\/p>\n<\/li>\n<\/ul>\n<p><strong>Specificaties:<\/strong><\/p>\n<p>Motortype: DC-motor, 3,0 pk<\/p>\n<p>Displaytype: LED<\/p>\n<p>Displayinformatie: afstand, snelheid, tijd, stappen, calorie\u00ebn, hartslag, hoek<\/p>\n<p>Loop- en hardloopoppervlak: 43 x 105 cm<\/p>\n<p>Loopsnelheid: 0,5 &#8211; 4,0 MPH (1,0 &#8211; 6 km\/u)<\/p>\n<p>Hardloopsnelheid: 0,5 &#8211; 8,5 MPH (1,0 &#8211; 14 km\/u)<\/p>\n<p>Hellingsbereik: 12 segmenten, 5\u00b0<\/p>\n<p>Schokdemping: 8 rubberen dempingsblokken<\/p>\n<p>Type loopband: Weigel elastische multigroefband<\/p>\n<p>iPad- en mobiele standaard: inbegrepen<\/p>\n<p>Opvouwbare handgrepen: ja<\/p>\n<p>Verplaatsbare wielen: 2 stuks<\/p>\n<p>Bedieningsmethoden: afstandsbediening en aanraakknop<\/p>\n<p>Bluetooth-connectiviteit: Zwift<\/p>\n<p>Loopmodi: stand-bymodus, pauzemodus, constante modus, ingebouwde programmamodus<\/p>\n<p><strong>Afmetingen product:<\/strong><\/p>\n<p>Maximaal gebruikersgewicht: 130 kg<\/p>\n<p>Afmetingen opgevouwen: 125,5 x 75,6 x 108,5 cm<\/p>\n<p>Afmetingen uitgeklapt: 133,4 x 75,6 x 19,8 cm<\/p>\n<p>Afmetingen verpakking: 130 x 108 x 69 cm<\/p>\n<p>Afmetingen doos: 144,5 x 74 x 17,5 cm<\/p>\n","protected":false},"excerpt":{"rendered":"<p><strong>GRATIS VERZENDING !<\/strong><\/p>\n<p><strong>PRODUCTGEWICHT: 45 kg<\/strong><\/p>\n","protected":false},"featured_media":654913,"template":"","meta":{"_acf_changed":false},"product_cat":[16929,10223,17141],"product_tag":[16967,16968,16944,16969,16970,16971,16972],"class_list":{"0":"post-654939","1":"product","2":"type-product","3":"status-publish","4":"has-post-thumbnail","6":"product_cat-fitnessapparatuur","7":"product_cat-home-nl","8":"product_cat-trainingsapparatuur","9":"product_tag-bieznia-nl","10":"product_tag-bieznia-do-domu-nl","11":"product_tag-oyeet-nl-nl","12":"product_tag-oyeet-walkingrunning-treadmill-with-incline-nl","13":"product_tag-smart-treadmill-nl","14":"product_tag-teadmill-nl","15":"product_tag-treadmill-for-home-nl","16":"ts_product_brand-oyeet-nl","18":"first","19":"instock","20":"sale","21":"taxable","22":"shipping-taxable","23":"purchasable","24":"product-type-simple"},"acf":[],"tiered_pricing_type":"fixed","tiered_pricing_fixed_rules":[],"tiered_pricing_product_settings":{"layout":"default","base_unit_name":{"singular":null,"plural":null},"default_variation":null},"tiered_pricing_minimum_quantity":null,"tiered_pricing_roles_data":[],"tiered_pricing_percentage_rules":[],"_links":{"self":[{"href":"https:\/\/bicepsshop.nl\/nl\/wp-json\/wp\/v2\/product\/654939","targetHints":{"allow":["GET"]}}],"collection":[{"href":"https:\/\/bicepsshop.nl\/nl\/wp-json\/wp\/v2\/product"}],"about":[{"href":"https:\/\/bicepsshop.nl\/nl\/wp-json\/wp\/v2\/types\/product"}],"wp:featuredmedia":[{"embeddable":true,"href":"https:\/\/bicepsshop.nl\/nl\/wp-json\/wp\/v2\/media\/654913"}],"wp:attachment":[{"href":"https:\/\/bicepsshop.nl\/nl\/wp-json\/wp\/v2\/media?parent=654939"}],"wp:term":[{"taxonomy":"product_cat","embeddable":true,"href":"https:\/\/bicepsshop.nl\/nl\/wp-json\/wp\/v2\/product_cat?post=654939"},{"taxonomy":"product_tag","embeddable":true,"href":"https:\/\/bicepsshop.nl\/nl\/wp-json\/wp\/v2\/product_tag?post=654939"}],"curies":[{"name":"wp","href":"https:\/\/api.w.org\/{rel}","templated":true}]}}