{"id":656841,"date":"2025-12-02T16:28:17","date_gmt":"2025-12-02T15:28:17","guid":{"rendered":"https:\/\/bicepsshop.nl\/product\/whey-protein-caffe-latte-400g\/"},"modified":"2026-01-22T12:04:26","modified_gmt":"2026-01-22T11:04:26","slug":"whey-protein-caffe-latte-400g","status":"publish","type":"product","link":"https:\/\/bicepsshop.nl\/nl\/product\/whey-protein-caffe-latte-400g\/","title":{"rendered":"WHEY PROTEIN CAFFE LATTE &#8211; 400g"},"content":{"rendered":"<div id=\"model-response-message-contentr_5c6ee20befa6db9f\" class=\"markdown markdown-main-panel enable-updated-hr-color\" dir=\"ltr\" aria-live=\"polite\" aria-busy=\"false\">\n<p data-path-to-node=\"1\">Stel u een ochtend voor die u niet alleen verkwikt met het aroma van koffie, maar ook uw trainingsdoelen ondersteunt. ALLNUTRITION WHEY PROTEIN CAFFE LATTE is een unieke combinatie van heerlijke koffie en hoogwaardige weiprote\u00efne. Voor de actieve, de ambitieuze en de kenners \u2013 het is meer dan alleen een supplement. Het is ochtendmotivatie in een shaker! Het werkt perfect: v\u00f3\u00f3r een training, n\u00e1 een training, of zelfs midden op de dag wanneer u een energieboost en een moment van genot nodig heeft.<\/p>\n<p data-path-to-node=\"3\">WAAROM WHEY PROTEIN CAFFE LATTE?<\/p>\n<p data-path-to-node=\"4\">EEN FLINKE PORTIE PROTE\u00cfNE VOOR UW GEZONDHEID<\/p>\n<p data-path-to-node=\"5\">Elke portie van het product levert 18 g prote\u00efne, wat een belangrijke bouwsteen voor het lichaam is. Prote\u00efne draagt bij aan de groei en helpt bij het behoud van spiermassa. Het vormt de basis die u ondersteunt bij het bereiken van uw lichaamsdoelen. De inname van prote\u00efne helpt ook bij het behoud van gezonde botten.<\/p>\n<p data-path-to-node=\"6\">FORMULE MET TOEGEVOEGDE CAFE\u00cfNE<\/p>\n<p data-path-to-node=\"7\">Een portie van onze prote\u00efne bevat ook 100 mg pure cafe\u00efne, wat evenveel is als u in een kop goede koffie zou vinden. Dit is een uitstekende keuze om de dag te beginnen of als ondersteuning v\u00f3\u00f3r een training.<\/p>\n<p data-path-to-node=\"8\">GEEN TOEGEVOEGDE SUIKER, MAXIMALE SMAAK<\/p>\n<p data-path-to-node=\"9\">Geniet van een intense koffiesmaak zonder enig schuldgevoel. Ons supplement bevat geen toegevoegde suiker. Dit maakt het ideaal voor mensen die op hun gewicht letten en suiker in hun dieet beperken, waardoor ze toch van de smaak kunnen genieten. Aromatische koffie met een vleugje vanilletonen cre\u00ebert een smaak die het gehemelte verwent \u2013 zonder concessies te doen aan uw figuur!<\/p>\n<\/div>\n","protected":false},"excerpt":{"rendered":"<div id=\"model-response-message-contentr_4735e149026901dc\" class=\"markdown markdown-main-panel enable-updated-hr-color\" dir=\"ltr\" aria-live=\"polite\" aria-busy=\"false\">\n<p><strong>MAAR LIEFST 100 MG CAFE\u00cfNE PER PORTIE<\/strong><\/p>\n<p><strong>GEEN TOEGEVOEGDE SUIKER<\/strong><\/p>\n<p><strong>UITSTEKENDE OPLOSBAARHEID EN ROMIGE TEXTUUR<\/strong><\/p>\n<p><strong>PERFECT NA EEN WORKOUT<\/strong><\/p>\n<p><strong>EEN PROTE\u00cfNE-ALTERNATIEF VOOR KOFFIE<\/strong><\/p>\n<p><strong>HEERLIJKE VANILLESMAAK<\/strong><\/p>\n<\/div>\n","protected":false},"featured_media":656839,"template":"","meta":{"_acf_changed":false},"product_cat":[10388,14878,10223,10322],"product_tag":[16029,10934,17340,17341],"class_list":{"0":"post-656841","1":"product","2":"type-product","3":"status-publish","4":"has-post-thumbnail","6":"product_cat-concentreert-wpc-nl","7":"product_cat-eiwitsupplementen","8":"product_cat-home-nl","9":"product_cat-regeneratie-nl","10":"product_tag-bialko-nl","11":"product_tag-whey","12":"product_tag-whey-400g-nl","13":"product_tag-whey-protein-caffe-latte-400g-nl","14":"ts_product_brand-allnutrition-nl","16":"first","17":"instock","18":"taxable","19":"shipping-taxable","20":"purchasable","21":"product-type-simple"},"acf":[],"tiered_pricing_type":"fixed","tiered_pricing_fixed_rules":[],"tiered_pricing_product_settings":{"layout":"default","base_unit_name":{"singular":null,"plural":null},"default_variation":null},"tiered_pricing_minimum_quantity":null,"tiered_pricing_roles_data":[],"tiered_pricing_percentage_rules":[],"_links":{"self":[{"href":"https:\/\/bicepsshop.nl\/nl\/wp-json\/wp\/v2\/product\/656841","targetHints":{"allow":["GET"]}}],"collection":[{"href":"https:\/\/bicepsshop.nl\/nl\/wp-json\/wp\/v2\/product"}],"about":[{"href":"https:\/\/bicepsshop.nl\/nl\/wp-json\/wp\/v2\/types\/product"}],"wp:featuredmedia":[{"embeddable":true,"href":"https:\/\/bicepsshop.nl\/nl\/wp-json\/wp\/v2\/media\/656839"}],"wp:attachment":[{"href":"https:\/\/bicepsshop.nl\/nl\/wp-json\/wp\/v2\/media?parent=656841"}],"wp:term":[{"taxonomy":"product_cat","embeddable":true,"href":"https:\/\/bicepsshop.nl\/nl\/wp-json\/wp\/v2\/product_cat?post=656841"},{"taxonomy":"product_tag","embeddable":true,"href":"https:\/\/bicepsshop.nl\/nl\/wp-json\/wp\/v2\/product_tag?post=656841"}],"curies":[{"name":"wp","href":"https:\/\/api.w.org\/{rel}","templated":true}]}}